{"id":87,"date":"2018-02-23T12:35:04","date_gmt":"2018-02-23T11:35:04","guid":{"rendered":"http:\/\/eutectic.fr\/?page_id=87"},"modified":"2019-02-26T10:39:06","modified_gmt":"2019-02-26T09:39:06","slug":"les-hommes-en-bleu","status":"publish","type":"page","link":"https:\/\/eutectic.fr\/?page_id=87","title":{"rendered":"Les hommes en bleu"},"content":{"rendered":"<p><strong>Les hommes en bleu, diseurs de po\u00e9sies, d\u00e9ambulent dans des lieux inattendus ou insolites : rues, parcs, march\u00e9s, mus\u00e9es, m\u00e9diath\u00e8ques&#8230;<br \/>\nA la rencontre des passants, des visiteurs, ils offrent un po\u00e8me sous leurs parapluies multicolores. Instants riches et intimes.<\/strong><\/p>\n<p>Ecouter l&rsquo;\u00e9mission sur les hommes en bleu :<\/p>\n<!--[if lt IE 9]><script>document.createElement('audio');<\/script><![endif]-->\n<audio class=\"wp-audio-shortcode\" id=\"audio-87-1\" preload=\"none\" style=\"width: 100%;\" controls=\"controls\"><source type=\"audio\/mpeg\" src=\"http:\/\/eutectic.fr\/wp-content\/uploads\/2018\/06\/Radiofr_20180418.mp3?_=1\" \/><a href=\"http:\/\/eutectic.fr\/wp-content\/uploads\/2018\/06\/Radiofr_20180418.mp3\">http:\/\/eutectic.fr\/wp-content\/uploads\/2018\/06\/Radiofr_20180418.mp3<\/a><\/audio>\n<div id='gallery-1' class='gallery galleryid-87 gallery-columns-3 gallery-size-thumbnail'><figure class='gallery-item'>\n\t\t\t<div class='gallery-icon landscape'>\n\t\t\t\t<a href='https:\/\/eutectic.fr\/?attachment_id=465'><img width=\"150\" height=\"150\" src=\"https:\/\/eutectic.fr\/wp-content\/uploads\/2018\/03\/tibhault-et-ses-copains-150x150.jpg\" class=\"attachment-thumbnail size-thumbnail\" alt=\"\" decoding=\"async\" loading=\"lazy\" srcset=\"https:\/\/eutectic.fr\/wp-content\/uploads\/2018\/03\/tibhault-et-ses-copains-150x150.jpg 150w, https:\/\/eutectic.fr\/wp-content\/uploads\/2018\/03\/tibhault-et-ses-copains-100x100.jpg 100w\" sizes=\"100vw\" \/><\/a>\n\t\t\t<\/div><\/figure><figure class='gallery-item'>\n\t\t\t<div class='gallery-icon landscape'>\n\t\t\t\t<a href='https:\/\/eutectic.fr\/?attachment_id=466'><img width=\"150\" height=\"150\" src=\"https:\/\/eutectic.fr\/wp-content\/uploads\/2018\/03\/60x40-150x150.jpg\" class=\"attachment-thumbnail size-thumbnail\" alt=\"\" decoding=\"async\" loading=\"lazy\" srcset=\"https:\/\/eutectic.fr\/wp-content\/uploads\/2018\/03\/60x40-150x150.jpg 150w, https:\/\/eutectic.fr\/wp-content\/uploads\/2018\/03\/60x40-100x100.jpg 100w\" sizes=\"100vw\" \/><\/a>\n\t\t\t<\/div><\/figure><figure class='gallery-item'>\n\t\t\t<div class='gallery-icon landscape'>\n\t\t\t\t<a href='https:\/\/eutectic.fr\/?attachment_id=467'><img width=\"150\" height=\"150\" src=\"https:\/\/eutectic.fr\/wp-content\/uploads\/2018\/03\/Aydan-et-Alban-45x30-150x150.jpg\" class=\"attachment-thumbnail size-thumbnail\" alt=\"\" decoding=\"async\" loading=\"lazy\" srcset=\"https:\/\/eutectic.fr\/wp-content\/uploads\/2018\/03\/Aydan-et-Alban-45x30-150x150.jpg 150w, https:\/\/eutectic.fr\/wp-content\/uploads\/2018\/03\/Aydan-et-Alban-45x30-100x100.jpg 100w\" sizes=\"100vw\" \/><\/a>\n\t\t\t<\/div><\/figure><figure class='gallery-item'>\n\t\t\t<div class='gallery-icon landscape'>\n\t\t\t\t<a href='https:\/\/eutectic.fr\/?attachment_id=468'><img width=\"150\" height=\"150\" src=\"https:\/\/eutectic.fr\/wp-content\/uploads\/2018\/03\/IMG_0502-150x150.jpg\" class=\"attachment-thumbnail size-thumbnail\" alt=\"\" decoding=\"async\" loading=\"lazy\" srcset=\"https:\/\/eutectic.fr\/wp-content\/uploads\/2018\/03\/IMG_0502-150x150.jpg 150w, https:\/\/eutectic.fr\/wp-content\/uploads\/2018\/03\/IMG_0502-100x100.jpg 100w\" sizes=\"100vw\" \/><\/a>\n\t\t\t<\/div><\/figure><figure class='gallery-item'>\n\t\t\t<div class='gallery-icon landscape'>\n\t\t\t\t<a href='https:\/\/eutectic.fr\/?attachment_id=469'><img width=\"150\" height=\"150\" src=\"https:\/\/eutectic.fr\/wp-content\/uploads\/2018\/03\/IMG_0551-150x150.jpg\" class=\"attachment-thumbnail size-thumbnail\" alt=\"\" decoding=\"async\" loading=\"lazy\" srcset=\"https:\/\/eutectic.fr\/wp-content\/uploads\/2018\/03\/IMG_0551-150x150.jpg 150w, https:\/\/eutectic.fr\/wp-content\/uploads\/2018\/03\/IMG_0551-100x100.jpg 100w\" sizes=\"100vw\" \/><\/a>\n\t\t\t<\/div><\/figure><figure class='gallery-item'>\n\t\t\t<div class='gallery-icon landscape'>\n\t\t\t\t<a href='https:\/\/eutectic.fr\/?attachment_id=470'><img width=\"150\" height=\"150\" src=\"https:\/\/eutectic.fr\/wp-content\/uploads\/2018\/03\/Mireille-et-Damien-150x150.jpg\" class=\"attachment-thumbnail size-thumbnail\" alt=\"\" decoding=\"async\" loading=\"lazy\" srcset=\"https:\/\/eutectic.fr\/wp-content\/uploads\/2018\/03\/Mireille-et-Damien-150x150.jpg 150w, https:\/\/eutectic.fr\/wp-content\/uploads\/2018\/03\/Mireille-et-Damien-100x100.jpg 100w\" sizes=\"100vw\" \/><\/a>\n\t\t\t<\/div><\/figure><figure class='gallery-item'>\n\t\t\t<div class='gallery-icon landscape'>\n\t\t\t\t<a href='https:\/\/eutectic.fr\/?attachment_id=471'><img width=\"150\" height=\"150\" src=\"https:\/\/eutectic.fr\/wp-content\/uploads\/2018\/03\/SAM_2164-150x150.jpg\" class=\"attachment-thumbnail size-thumbnail\" alt=\"\" decoding=\"async\" loading=\"lazy\" srcset=\"https:\/\/eutectic.fr\/wp-content\/uploads\/2018\/03\/SAM_2164-150x150.jpg 150w, https:\/\/eutectic.fr\/wp-content\/uploads\/2018\/03\/SAM_2164-100x100.jpg 100w\" sizes=\"100vw\" \/><\/a>\n\t\t\t<\/div><\/figure><figure class='gallery-item'>\n\t\t\t<div class='gallery-icon landscape'>\n\t\t\t\t<a href='https:\/\/eutectic.fr\/?attachment_id=472'><img width=\"150\" height=\"150\" src=\"https:\/\/eutectic.fr\/wp-content\/uploads\/2018\/03\/SAM_2209-150x150.jpg\" class=\"attachment-thumbnail size-thumbnail\" alt=\"\" decoding=\"async\" loading=\"lazy\" srcset=\"https:\/\/eutectic.fr\/wp-content\/uploads\/2018\/03\/SAM_2209-150x150.jpg 150w, https:\/\/eutectic.fr\/wp-content\/uploads\/2018\/03\/SAM_2209-100x100.jpg 100w\" sizes=\"100vw\" \/><\/a>\n\t\t\t<\/div><\/figure><figure class='gallery-item'>\n\t\t\t<div class='gallery-icon landscape'>\n\t\t\t\t<a href='https:\/\/eutectic.fr\/?attachment_id=473'><img width=\"150\" height=\"150\" src=\"https:\/\/eutectic.fr\/wp-content\/uploads\/2018\/03\/SAM_2430-150x150.jpg\" class=\"attachment-thumbnail size-thumbnail\" alt=\"\" decoding=\"async\" loading=\"lazy\" srcset=\"https:\/\/eutectic.fr\/wp-content\/uploads\/2018\/03\/SAM_2430-150x150.jpg 150w, https:\/\/eutectic.fr\/wp-content\/uploads\/2018\/03\/SAM_2430-100x100.jpg 100w\" sizes=\"100vw\" \/><\/a>\n\t\t\t<\/div><\/figure><figure class='gallery-item'>\n\t\t\t<div class='gallery-icon landscape'>\n\t\t\t\t<a href='https:\/\/eutectic.fr\/?attachment_id=474'><img width=\"150\" height=\"150\" src=\"https:\/\/eutectic.fr\/wp-content\/uploads\/2018\/03\/sur-la-place-dEsternay-150x150.jpg\" class=\"attachment-thumbnail size-thumbnail\" alt=\"\" decoding=\"async\" loading=\"lazy\" srcset=\"https:\/\/eutectic.fr\/wp-content\/uploads\/2018\/03\/sur-la-place-dEsternay-150x150.jpg 150w, https:\/\/eutectic.fr\/wp-content\/uploads\/2018\/03\/sur-la-place-dEsternay-100x100.jpg 100w\" sizes=\"100vw\" \/><\/a>\n\t\t\t<\/div><\/figure>\n\t\t<\/div>\n\n<p><a href=\"http:\/\/eutectic.fr\/wp-content\/uploads\/2019\/02\/les-hommes-en-bleu.pdf\">T\u00e9l\u00e9charger le dossier \u00ab\u00a0Les hommes en bleu\u00a0\u00bb<\/a>\u00a0[pdf]<\/p>\n<p>&nbsp;<\/p>\n","protected":false},"excerpt":{"rendered":"<p>Les hommes en bleu, diseurs de po\u00e9sies, d\u00e9ambulent dans des lieux inattendus ou insolites : rues, parcs, march\u00e9s, mus\u00e9es, m\u00e9diath\u00e8ques&#8230; A la rencontre des passants, des visiteurs, ils offrent un po\u00e8me sous leurs parapluies multicolores. Instants riches et intimes. Ecouter l&rsquo;\u00e9mission sur les hommes en bleu : T\u00e9l\u00e9charger le dossier \u00ab\u00a0Les hommes en bleu\u00a0\u00bb\u00a0[pdf] &nbsp;<\/p>\n","protected":false},"author":1,"featured_media":89,"parent":0,"menu_order":0,"comment_status":"closed","ping_status":"closed","template":"","meta":[],"_links":{"self":[{"href":"https:\/\/eutectic.fr\/index.php?rest_route=\/wp\/v2\/pages\/87"}],"collection":[{"href":"https:\/\/eutectic.fr\/index.php?rest_route=\/wp\/v2\/pages"}],"about":[{"href":"https:\/\/eutectic.fr\/index.php?rest_route=\/wp\/v2\/types\/page"}],"author":[{"embeddable":true,"href":"https:\/\/eutectic.fr\/index.php?rest_route=\/wp\/v2\/users\/1"}],"replies":[{"embeddable":true,"href":"https:\/\/eutectic.fr\/index.php?rest_route=%2Fwp%2Fv2%2Fcomments&post=87"}],"version-history":[{"count":0,"href":"https:\/\/eutectic.fr\/index.php?rest_route=\/wp\/v2\/pages\/87\/revisions"}],"wp:featuredmedia":[{"embeddable":true,"href":"https:\/\/eutectic.fr\/index.php?rest_route=\/wp\/v2\/media\/89"}],"wp:attachment":[{"href":"https:\/\/eutectic.fr\/index.php?rest_route=%2Fwp%2Fv2%2Fmedia&parent=87"}],"curies":[{"name":"wp","href":"https:\/\/api.w.org\/{rel}","templated":true}]}}