{"id":761,"date":"2018-04-08T16:14:00","date_gmt":"2018-04-08T14:14:00","guid":{"rendered":"http:\/\/eutectic.fr\/?page_id=761"},"modified":"2020-01-07T10:07:06","modified_gmt":"2020-01-07T09:07:06","slug":"imprudences","status":"publish","type":"page","link":"https:\/\/eutectic.fr\/?page_id=761","title":{"rendered":"Imprudences ?"},"content":{"rendered":"<h2>Fantaisie th\u00e9\u00e2trale d&rsquo;apr\u00e8s trois nouvelles de Maupassant<\/h2>\n<p>Trois couples racontent ce qui, un jour, a fait basculer leur vie. Nous sommes donc au th\u00e9\u00e2tre. Les dialogues sont vifs et incisifs on passe du rire \u00e0 la stup\u00e9faction, de l&rsquo;\u00e9motion \u00e0 la sensualit\u00e9. Tour \u00e0 tour col\u00e8re, amour et tendresse d\u00e9bordent du plateau.<br \/>\nL&rsquo;\u00e9criture et l&rsquo;esprit des histoires\u00a0 de Maupassant sont port\u00e9s par une mise en sc\u00e8ne alerte et des personnages enthousiasmants.\u00a0 Ce spectacle transforme trois nouvelles en courtes pi\u00e8ces rythm\u00e9es dans un d\u00e9cor \u00e9voquant la carte du tendre.<\/p>\n<div id='gallery-1' class='gallery galleryid-761 gallery-columns-3 gallery-size-thumbnail'><figure class='gallery-item'>\n\t\t\t<div class='gallery-icon landscape'>\n\t\t\t\t<a href='https:\/\/eutectic.fr\/?attachment_id=1379'><img width=\"150\" height=\"150\" src=\"https:\/\/eutectic.fr\/wp-content\/uploads\/2019\/02\/1et10-1-150x150.jpg\" class=\"attachment-thumbnail size-thumbnail\" alt=\"\" decoding=\"async\" loading=\"lazy\" srcset=\"https:\/\/eutectic.fr\/wp-content\/uploads\/2019\/02\/1et10-1-150x150.jpg 150w, https:\/\/eutectic.fr\/wp-content\/uploads\/2019\/02\/1et10-1-100x100.jpg 100w\" sizes=\"100vw\" \/><\/a>\n\t\t\t<\/div><\/figure><figure class='gallery-item'>\n\t\t\t<div class='gallery-icon landscape'>\n\t\t\t\t<a href='https:\/\/eutectic.fr\/?attachment_id=1378'><img width=\"150\" height=\"150\" src=\"https:\/\/eutectic.fr\/wp-content\/uploads\/2019\/02\/2-et3-150x150.jpg\" class=\"attachment-thumbnail size-thumbnail\" alt=\"\" decoding=\"async\" loading=\"lazy\" srcset=\"https:\/\/eutectic.fr\/wp-content\/uploads\/2019\/02\/2-et3-150x150.jpg 150w, https:\/\/eutectic.fr\/wp-content\/uploads\/2019\/02\/2-et3-100x100.jpg 100w\" sizes=\"100vw\" \/><\/a>\n\t\t\t<\/div><\/figure><figure class='gallery-item'>\n\t\t\t<div class='gallery-icon landscape'>\n\t\t\t\t<a href='https:\/\/eutectic.fr\/?attachment_id=1377'><img width=\"150\" height=\"150\" src=\"https:\/\/eutectic.fr\/wp-content\/uploads\/2019\/02\/4et5-150x150.jpg\" class=\"attachment-thumbnail size-thumbnail\" alt=\"\" decoding=\"async\" loading=\"lazy\" srcset=\"https:\/\/eutectic.fr\/wp-content\/uploads\/2019\/02\/4et5-150x150.jpg 150w, https:\/\/eutectic.fr\/wp-content\/uploads\/2019\/02\/4et5-100x100.jpg 100w\" sizes=\"100vw\" \/><\/a>\n\t\t\t<\/div><\/figure><figure class='gallery-item'>\n\t\t\t<div class='gallery-icon landscape'>\n\t\t\t\t<a href='https:\/\/eutectic.fr\/?attachment_id=1376'><img width=\"150\" height=\"150\" src=\"https:\/\/eutectic.fr\/wp-content\/uploads\/2019\/02\/6et7-150x150.jpg\" class=\"attachment-thumbnail size-thumbnail\" alt=\"\" decoding=\"async\" loading=\"lazy\" srcset=\"https:\/\/eutectic.fr\/wp-content\/uploads\/2019\/02\/6et7-150x150.jpg 150w, https:\/\/eutectic.fr\/wp-content\/uploads\/2019\/02\/6et7-100x100.jpg 100w\" sizes=\"100vw\" \/><\/a>\n\t\t\t<\/div><\/figure><figure class='gallery-item'>\n\t\t\t<div class='gallery-icon landscape'>\n\t\t\t\t<a href='https:\/\/eutectic.fr\/?attachment_id=1375'><img width=\"150\" height=\"150\" src=\"https:\/\/eutectic.fr\/wp-content\/uploads\/2019\/02\/8et9-150x150.jpg\" class=\"attachment-thumbnail size-thumbnail\" alt=\"\" decoding=\"async\" loading=\"lazy\" srcset=\"https:\/\/eutectic.fr\/wp-content\/uploads\/2019\/02\/8et9-150x150.jpg 150w, https:\/\/eutectic.fr\/wp-content\/uploads\/2019\/02\/8et9-100x100.jpg 100w\" sizes=\"100vw\" \/><\/a>\n\t\t\t<\/div><\/figure><figure class='gallery-item'>\n\t\t\t<div class='gallery-icon landscape'>\n\t\t\t\t<a href='https:\/\/eutectic.fr\/?attachment_id=1367'><img width=\"150\" height=\"150\" src=\"https:\/\/eutectic.fr\/wp-content\/uploads\/2019\/02\/1et10-150x150.jpg\" class=\"attachment-thumbnail size-thumbnail\" alt=\"\" decoding=\"async\" loading=\"lazy\" srcset=\"https:\/\/eutectic.fr\/wp-content\/uploads\/2019\/02\/1et10-150x150.jpg 150w, https:\/\/eutectic.fr\/wp-content\/uploads\/2019\/02\/1et10-100x100.jpg 100w\" sizes=\"100vw\" \/><\/a>\n\t\t\t<\/div><\/figure>\n\t\t<\/div>\n\n<h1><img decoding=\"async\" loading=\"lazy\" class=\"size-medium wp-image-1359 alignleft\" src=\"http:\/\/eutectic.fr\/wp-content\/uploads\/2019\/02\/2-la-parure-3-212x300.jpg\" alt=\"\" width=\"212\" height=\"300\" srcset=\"https:\/\/eutectic.fr\/wp-content\/uploads\/2019\/02\/2-la-parure-3-212x300.jpg 212w, https:\/\/eutectic.fr\/wp-content\/uploads\/2019\/02\/2-la-parure-3.jpg 595w\" sizes=\"(max-width: 212px) 100vw, 212px\" \/>Trois couples racontent et rejouent ce qui, un jour, a fait basculer leurs vies.<\/h1>\n<p>mise en sc\u00e8ne\u00a0par Pascal Th\u00e9tard<\/p>\n<p>Comment, confront\u00e9s \u00e0 une situation difficile \u00e0 premi\u00e8re vue d\u00e9sesp\u00e9r\u00e9e ou m\u00eame indigne, chacun s\u2019est r\u00e9v\u00e9l\u00e9 et en est sorti grandi. Dans ce d\u00e9voilement, ils parlent de leur d\u00e9sirs et de leurs amours et nous laissent ainsi pressentir qu\u2019adolescence et maturit\u00e9 sont loin de n\u2019\u00eatre qu\u2019une question d\u2019\u00e2ge.<\/p>\n<p>Le r\u00e9cit est agr\u00e9ment\u00e9\u00a0de fantaisie, les personnages prennent en charge la narration, le \u00ab\u00a0je\u00a0\u00bb est remplac\u00e9 par le \u00ab\u00a0il\u00a0\u00bb ce qui donne de la distance et \u00e9vite le pathos. Les sc\u00e8nes dialogu\u00e9es, vives et incisives, font ressurgir le pass\u00e9. On passe du rire \u00e0 la stup\u00e9faction, de l\u2019\u00e9motion \u00e0 la sensualit\u00e9. l\u2019interpr\u00e9tation permet d\u2019aller au-del\u00e0 du\u00a0sens premier des mots et des phrases et d\u2019acc\u00e9der \u00e0 ce questionnement: \u00a0\u00bb qu\u2019est-ce que vivre \u00e0 deux ?<\/p>\n<p>L\u2019\u00e9troitesse de la sc\u00e8ne rend les dialogues plus pr\u00e9sents et m\u00eame urgents.\u00a0Elle met les corps en valeur. Tant\u00f4t encombrants ils obstruent l\u2019espace, tant\u00f4t souples et gracieux, ils offrent de belles envol\u00e9es sentimentales. Par la magie des lumi\u00e8res et des costumes, les trois nouvelles se jouent dans des tableaux tr\u00e8s diff\u00e9rents, ce qui ajoute \u00e0 la dynamique du spectacle.<\/p>\n<div id='gallery-2' class='gallery galleryid-761 gallery-columns-3 gallery-size-thumbnail'><figure class='gallery-item'>\n\t\t\t<div class='gallery-icon portrait'>\n\t\t\t\t<a href='https:\/\/eutectic.fr\/?attachment_id=1348'><img width=\"150\" height=\"150\" src=\"https:\/\/eutectic.fr\/wp-content\/uploads\/2019\/02\/3-150x150.jpg\" class=\"attachment-thumbnail size-thumbnail\" alt=\"\" decoding=\"async\" loading=\"lazy\" aria-describedby=\"gallery-2-1348\" srcset=\"https:\/\/eutectic.fr\/wp-content\/uploads\/2019\/02\/3-150x150.jpg 150w, https:\/\/eutectic.fr\/wp-content\/uploads\/2019\/02\/3-100x100.jpg 100w\" sizes=\"100vw\" \/><\/a>\n\t\t\t<\/div>\n\t\t\t\t<figcaption class='wp-caption-text gallery-caption' id='gallery-2-1348'>\n\t\t\t\tImprudences ?\n\t\t\t\t<\/figcaption><\/figure><figure class='gallery-item'>\n\t\t\t<div class='gallery-icon portrait'>\n\t\t\t\t<a href='https:\/\/eutectic.fr\/?attachment_id=1347'><img width=\"150\" height=\"150\" src=\"https:\/\/eutectic.fr\/wp-content\/uploads\/2019\/02\/SAM5824-e1549459623975-150x150.jpg\" class=\"attachment-thumbnail size-thumbnail\" alt=\"\" decoding=\"async\" loading=\"lazy\" aria-describedby=\"gallery-2-1347\" srcset=\"https:\/\/eutectic.fr\/wp-content\/uploads\/2019\/02\/SAM5824-e1549459623975-150x150.jpg 150w, https:\/\/eutectic.fr\/wp-content\/uploads\/2019\/02\/SAM5824-e1549459623975-100x100.jpg 100w\" sizes=\"100vw\" \/><\/a>\n\t\t\t<\/div>\n\t\t\t\t<figcaption class='wp-caption-text gallery-caption' id='gallery-2-1347'>\n\t\t\t\tLa serre\n\t\t\t\t<\/figcaption><\/figure><figure class='gallery-item'>\n\t\t\t<div class='gallery-icon landscape'>\n\t\t\t\t<a href='https:\/\/eutectic.fr\/?attachment_id=1346'><img width=\"150\" height=\"150\" src=\"https:\/\/eutectic.fr\/wp-content\/uploads\/2019\/02\/SAM5770-150x150.jpg\" class=\"attachment-thumbnail size-thumbnail\" alt=\"\" decoding=\"async\" loading=\"lazy\" aria-describedby=\"gallery-2-1346\" srcset=\"https:\/\/eutectic.fr\/wp-content\/uploads\/2019\/02\/SAM5770-150x150.jpg 150w, https:\/\/eutectic.fr\/wp-content\/uploads\/2019\/02\/SAM5770-100x100.jpg 100w\" sizes=\"100vw\" \/><\/a>\n\t\t\t<\/div>\n\t\t\t\t<figcaption class='wp-caption-text gallery-caption' id='gallery-2-1346'>\n\t\t\t\tImprudence\n\t\t\t\t<\/figcaption><\/figure><figure class='gallery-item'>\n\t\t\t<div class='gallery-icon landscape'>\n\t\t\t\t<a href='https:\/\/eutectic.fr\/?attachment_id=1345'><img width=\"150\" height=\"150\" src=\"https:\/\/eutectic.fr\/wp-content\/uploads\/2019\/02\/SAM5790-150x150.jpg\" class=\"attachment-thumbnail size-thumbnail\" alt=\"\" decoding=\"async\" loading=\"lazy\" srcset=\"https:\/\/eutectic.fr\/wp-content\/uploads\/2019\/02\/SAM5790-150x150.jpg 150w, https:\/\/eutectic.fr\/wp-content\/uploads\/2019\/02\/SAM5790-100x100.jpg 100w\" sizes=\"100vw\" \/><\/a>\n\t\t\t<\/div><\/figure><figure class='gallery-item'>\n\t\t\t<div class='gallery-icon portrait'>\n\t\t\t\t<a href='https:\/\/eutectic.fr\/?attachment_id=1344'><img width=\"150\" height=\"150\" src=\"https:\/\/eutectic.fr\/wp-content\/uploads\/2019\/02\/10-150x150.jpg\" class=\"attachment-thumbnail size-thumbnail\" alt=\"\" decoding=\"async\" loading=\"lazy\" aria-describedby=\"gallery-2-1344\" srcset=\"https:\/\/eutectic.fr\/wp-content\/uploads\/2019\/02\/10-150x150.jpg 150w, https:\/\/eutectic.fr\/wp-content\/uploads\/2019\/02\/10-100x100.jpg 100w\" sizes=\"100vw\" \/><\/a>\n\t\t\t<\/div>\n\t\t\t\t<figcaption class='wp-caption-text gallery-caption' id='gallery-2-1344'>\n\t\t\t\tla serre\n\t\t\t\t<\/figcaption><\/figure><figure class='gallery-item'>\n\t\t\t<div class='gallery-icon portrait'>\n\t\t\t\t<a href='https:\/\/eutectic.fr\/?attachment_id=1343'><img width=\"150\" height=\"150\" src=\"https:\/\/eutectic.fr\/wp-content\/uploads\/2019\/02\/SAM5752-150x150.jpg\" class=\"attachment-thumbnail size-thumbnail\" alt=\"\" decoding=\"async\" loading=\"lazy\" srcset=\"https:\/\/eutectic.fr\/wp-content\/uploads\/2019\/02\/SAM5752-150x150.jpg 150w, https:\/\/eutectic.fr\/wp-content\/uploads\/2019\/02\/SAM5752-100x100.jpg 100w\" sizes=\"100vw\" \/><\/a>\n\t\t\t<\/div><\/figure><figure class='gallery-item'>\n\t\t\t<div class='gallery-icon portrait'>\n\t\t\t\t<a href='https:\/\/eutectic.fr\/?attachment_id=1342'><img width=\"150\" height=\"150\" src=\"https:\/\/eutectic.fr\/wp-content\/uploads\/2019\/02\/11-150x150.jpg\" class=\"attachment-thumbnail size-thumbnail\" alt=\"\" decoding=\"async\" loading=\"lazy\" aria-describedby=\"gallery-2-1342\" srcset=\"https:\/\/eutectic.fr\/wp-content\/uploads\/2019\/02\/11-150x150.jpg 150w, https:\/\/eutectic.fr\/wp-content\/uploads\/2019\/02\/11-100x100.jpg 100w\" sizes=\"100vw\" \/><\/a>\n\t\t\t<\/div>\n\t\t\t\t<figcaption class='wp-caption-text gallery-caption' id='gallery-2-1342'>\n\t\t\t\tImprudences ?\n\t\t\t\t<\/figcaption><\/figure>\n\t\t<\/div>\n\n<div data-max_row_height=\"-1\" data-row_height=\"150\" data-border=\"-1\" data-margin=\"5\" data-last_row=\"nojustify\"><\/div>\n<div data-max_row_height=\"-1\" data-row_height=\"150\" data-border=\"-1\" data-margin=\"5\" data-last_row=\"nojustify\"><\/div>\n<div id=\"dgwt-jg-2\" class=\"dgwt-jg-gallery dgwt-jg-2 dgwt-jg-lightbox-photoswipe dgwt-jg-effect-standard justified-gallery\" data-max_row_height=\"-1\" data-row_height=\"150\" data-border=\"-1\" data-margin=\"5\" data-last_row=\"nojustify\"><strong>lien teaser : \u00a0\u00a0\u00a0 https:\/\/youtu.be\/PBtknprEYRE<\/strong><\/div>\n<div data-max_row_height=\"-1\" data-row_height=\"150\" data-border=\"-1\" data-margin=\"5\" data-last_row=\"nojustify\"><strong>lien dossier enseignant :\u00a0 https:\/\/www.sugarsync.com\/pf\/D2590342_08244321_6941583<\/strong><\/div>\n<p>&nbsp;<\/p>\n<p>et pour voyager encore au temps de Maupassant :<\/p>\n<p>Allais \/ Maupassant\u00a0 \u2013 lecture<\/p>\n<p><img decoding=\"async\" loading=\"lazy\" class=\"size-medium wp-image-835 alignnone\" src=\"http:\/\/eutectic.fr\/wp-content\/uploads\/2018\/04\/caroPT3-300x300.jpg\" sizes=\"(max-width: 300px) 100vw, 300px\" srcset=\"http:\/\/eutectic.fr\/wp-content\/uploads\/2018\/04\/caroPT3-300x300.jpg 300w, http:\/\/eutectic.fr\/wp-content\/uploads\/2018\/04\/caroPT3-150x150.jpg 150w, http:\/\/eutectic.fr\/wp-content\/uploads\/2018\/04\/caroPT3-600x600.jpg 600w, http:\/\/eutectic.fr\/wp-content\/uploads\/2018\/04\/caroPT3-100x100.jpg 100w, http:\/\/eutectic.fr\/wp-content\/uploads\/2018\/04\/caroPT3.jpg 756w\" alt=\"\" width=\"300\" height=\"300\" \/><\/p>\n<p>Pourquoi associer\u00a0 ces deux-l\u00e0 ?<br \/>\nIls sont contemporains<br \/>\nIls aiment la forme br\u00e8ve<br \/>\nIls sont des manipulateurs textuels<\/p>\n<p>A Maupassant la gloire litt\u00e9raire d\u00e9passant les fronti\u00e8res.<br \/>\nA Allais la notori\u00e9t\u00e9 chez quelques-uns.<\/p>\n<p>Notre lecture les r\u00e9unit pour le plaisir du rire, de l\u2019\u00e9poque, de l\u2019\u00e9nergie, de l\u2019\u00e9motion, de l\u2019absurde et du naturalisme (\u00e0 vous d\u2019associer ces mots \u00e0 l\u2019un ou l\u2019autre auteur, voir les deux ensemble)<\/p>\n<p>Et si Guy de Maupassant est entr\u00e9 dans tous les manuels scolaires, il est temps de faire savoir qu\u2019 Alphonse Allais a \u00e9t\u00e9 le premier \u00e0 d\u00e9poser un brevet de caf\u00e9 lyophilis\u00e9.<\/p>\n<p style=\"text-align: center;\">Pourquoi associer ces deux l\u00e0 ?<br \/>\nEt pourquoi pas ?<\/p>\n<h2>R\u00e9ussir no\u00ebl sans se ruiner<\/h2>\n<h4>Th\u00e8mes<\/h4>\n<p>Lectures en h\u00f4pitaux<br \/>\nJapon<br \/>\nEnfance<br \/>\nL\u2019ordinaire ment<\/p>\n","protected":false},"excerpt":{"rendered":"<p>Fantaisie th\u00e9\u00e2trale d&rsquo;apr\u00e8s trois nouvelles de Maupassant Trois couples racontent ce qui, un jour, a fait basculer leur vie. Nous sommes donc au th\u00e9\u00e2tre. Les dialogues sont vifs et incisifs on passe du rire \u00e0 la stup\u00e9faction, de l&rsquo;\u00e9motion \u00e0 la sensualit\u00e9. Tour \u00e0 tour col\u00e8re, amour et tendresse d\u00e9bordent du plateau. L&rsquo;\u00e9criture et l&rsquo;esprit &hellip; <\/p>\n<p class=\"link-more\"><a href=\"https:\/\/eutectic.fr\/?page_id=761\" class=\"more-link\">Continuer la lecture<span class=\"screen-reader-text\"> de &laquo;&nbsp;Imprudences ?&nbsp;&raquo;<\/span><\/a><\/p>\n","protected":false},"author":3,"featured_media":0,"parent":0,"menu_order":0,"comment_status":"closed","ping_status":"closed","template":"","meta":[],"_links":{"self":[{"href":"https:\/\/eutectic.fr\/index.php?rest_route=\/wp\/v2\/pages\/761"}],"collection":[{"href":"https:\/\/eutectic.fr\/index.php?rest_route=\/wp\/v2\/pages"}],"about":[{"href":"https:\/\/eutectic.fr\/index.php?rest_route=\/wp\/v2\/types\/page"}],"author":[{"embeddable":true,"href":"https:\/\/eutectic.fr\/index.php?rest_route=\/wp\/v2\/users\/3"}],"replies":[{"embeddable":true,"href":"https:\/\/eutectic.fr\/index.php?rest_route=%2Fwp%2Fv2%2Fcomments&post=761"}],"version-history":[{"count":0,"href":"https:\/\/eutectic.fr\/index.php?rest_route=\/wp\/v2\/pages\/761\/revisions"}],"wp:attachment":[{"href":"https:\/\/eutectic.fr\/index.php?rest_route=%2Fwp%2Fv2%2Fmedia&parent=761"}],"curies":[{"name":"wp","href":"https:\/\/api.w.org\/{rel}","templated":true}]}}