{"id":71,"date":"2018-02-23T11:41:10","date_gmt":"2018-02-23T10:41:10","guid":{"rendered":"http:\/\/eutectic.fr\/?page_id=71"},"modified":"2018-04-05T16:43:59","modified_gmt":"2018-04-05T14:43:59","slug":"a-lheure-du-sirop-dans-les-glacons","status":"publish","type":"page","link":"https:\/\/eutectic.fr\/?page_id=71","title":{"rendered":"A l&rsquo;heure du sirop dans les gla\u00e7ons"},"content":{"rendered":"<div class=\"container clearfix\">\n<div class=\"wrap single\">\n<div class=\"item OB\">\n<div class=\"post\">\n<div class=\"ob-sections\">\n<div class=\"ob-section ob-section-text\">\n<div class=\"ob-text\">\n<p>&nbsp;<\/p>\n<p><a href=\"http:\/\/eutectic.fr\/?page_id=126\">Voir plus&#8230;<\/a><\/p>\n<p><a href=\"http:\/\/eutectic.fr\/wp-content\/uploads\/2018\/02\/les-hommes-en-bleu.pdf\">les-hommes-en-bleu<\/a><\/p>\n<p><img decoding=\"async\" loading=\"lazy\" class=\"alignnone wp-image-72 \" src=\"http:\/\/eutectic.fr\/wp-content\/uploads\/2018\/02\/glacons.jpg\" alt=\"\" width=\"542\" height=\"405\" srcset=\"https:\/\/eutectic.fr\/wp-content\/uploads\/2018\/02\/glacons.jpg 635w, https:\/\/eutectic.fr\/wp-content\/uploads\/2018\/02\/glacons-300x224.jpg 300w\" sizes=\"(max-width: 542px) 100vw, 542px\" \/><\/p>\n<p><a href=\"http:\/\/eutectic.fr\/wp-content\/uploads\/2018\/02\/a-lheure-du-sirop-dans-les-glacons3.jpg\"><img decoding=\"async\" loading=\"lazy\" class=\"alignleft wp-image-302 size-full\" src=\"http:\/\/eutectic.fr\/wp-content\/uploads\/2018\/02\/a-lheure-du-sirop-dans-les-glacons3.jpg\" alt=\"\" width=\"598\" height=\"865\" srcset=\"https:\/\/eutectic.fr\/wp-content\/uploads\/2018\/02\/a-lheure-du-sirop-dans-les-glacons3.jpg 598w, https:\/\/eutectic.fr\/wp-content\/uploads\/2018\/02\/a-lheure-du-sirop-dans-les-glacons3-207x300.jpg 207w\" sizes=\"(max-width: 598px) 100vw, 598px\" \/><\/a> <a href=\"http:\/\/eutectic.fr\/wp-content\/uploads\/2018\/02\/a-lheure-du-sirop-dans-les-glacons2.jpg\"><img decoding=\"async\" loading=\"lazy\" class=\"alignleft wp-image-301 size-full\" src=\"http:\/\/eutectic.fr\/wp-content\/uploads\/2018\/02\/a-lheure-du-sirop-dans-les-glacons2.jpg\" alt=\"\" width=\"611\" height=\"873\" srcset=\"https:\/\/eutectic.fr\/wp-content\/uploads\/2018\/02\/a-lheure-du-sirop-dans-les-glacons2.jpg 611w, https:\/\/eutectic.fr\/wp-content\/uploads\/2018\/02\/a-lheure-du-sirop-dans-les-glacons2-210x300.jpg 210w, https:\/\/eutectic.fr\/wp-content\/uploads\/2018\/02\/a-lheure-du-sirop-dans-les-glacons2-600x857.jpg 600w\" sizes=\"(max-width: 611px) 100vw, 611px\" \/><\/a><\/p>\n<p><em>\u00ab\u00a0A l&rsquo;heure du sirop dans les gla\u00e7ons\u00a0\u00bb est une adaptation tr\u00e8s r\u00e9ussie du spectacle itin\u00e9rant \u00ab\u00a0Les hommes en bleu\u00a0\u00bb&#8230; La mise en sc\u00e8ne originale, le rythme du spectacle ma\u00eetris\u00e9 par l&rsquo;alternance de po\u00e9sies intimistes, dr\u00f4les ou \u00e9mouvantes, le choix de nombreux po\u00e8tes connus ou moins connus, des interactions avec le public&#8230; contribuent au bon accueil d&rsquo; \u00ab\u00a0A l&rsquo;heure du sirop dans les gla\u00e7ons\u00a0\u00bb par le public. Et quand la parole est donn\u00e9e aux spectateurs, il n&rsquo;est pas rare que parmi eux se r\u00e9v\u00e8lent de v\u00e9ritables po\u00e8tes&#8230;\u00a0\u00bb<\/em><\/p>\n<p>Nathalie Leblanc, charg\u00e9e d&rsquo;animation<br \/>\nConseil G\u00e9n\u00e9ral de la Marne<br \/>\nBiblioth\u00e8que d\u00e9partementale de Pr\u00eat<\/p>\n<\/div>\n<\/div>\n<div class=\"ob-section ob-section-text\">\n<div class=\"ob-text\">\n<h2><strong>A l\u2019heure du sirop dans les gla\u00e7ons \u2026<\/strong><\/h2>\n<h4><strong>Spectacle de po\u00e9sie<\/strong><\/h4>\n<p><img decoding=\"async\" loading=\"lazy\" class=\"wp-image-82 size-full alignleft\" src=\"http:\/\/eutectic.fr\/wp-content\/uploads\/2018\/02\/a-lheure-du-sirop-dans-les-glacons.jpg\" alt=\"\" width=\"231\" height=\"300\" \/>Tout public \u00e0 partir de 8 ans<\/p>\n<p><a class=\"ob-link-img\" title=\"ob_21b6e3_sirop-mourmelon-011-2.JPG\" href=\"http:\/\/img.over-blog-kiwi.com\/1\/41\/83\/24\/20150124\/ob_21b6e3_sirop-mourmelon-011-2.JPG\" target=\"_blank\" rel=\"fancybox noopener\">\u00a0<\/a>Metteur en sc\u00e8ne : Pascal Th\u00e9tard<br \/>\nCom\u00e9diens : Pascal Salzard, Raynald Flory et Pascal Th\u00e9tard<br \/>\nSc\u00e9nographe : Marie-Jos\u00e9 Solivellas<\/p>\n<\/div>\n<\/div>\n<div class=\"ob-section ob-section-text\">\n<div class=\"ob-text\">\n<p><strong>Ils d\u00e9barquent dans votre biblioth\u00e8que, maison de quartier ou petite salle pour une heure de po\u00e9sie.<\/strong><\/p>\n<p>&nbsp;<\/p>\n<p><strong><img decoding=\"async\" loading=\"lazy\" class=\"alignright wp-image-83 size-medium\" src=\"http:\/\/eutectic.fr\/wp-content\/uploads\/2018\/02\/2018-02-23_115336-300x223.jpg\" alt=\"\" width=\"300\" height=\"223\" srcset=\"https:\/\/eutectic.fr\/wp-content\/uploads\/2018\/02\/2018-02-23_115336-300x223.jpg 300w, https:\/\/eutectic.fr\/wp-content\/uploads\/2018\/02\/2018-02-23_115336.jpg 635w\" sizes=\"(max-width: 300px) 100vw, 300px\" \/>Avec Georges, Guy et Gabriel vous allez concocter un spectacle :<\/strong><\/p>\n<ul>\n<li>A vous le tirage au sort, le totem des auteurs et la loi du hasard.<\/li>\n<li>A eux les interm\u00e8des po\u00e9tiques th\u00e9\u00e2tralis\u00e9s ou dits le plus simplement du monde.<\/li>\n<\/ul>\n<\/div>\n<\/div>\n<div class=\"ob-section ob-section-link\">\n<div class=\"ob-ctn ob-ctn--withImage\"><a href=\"http:\/\/eutectic.fr\/wp-content\/uploads\/2018\/02\/sirop.pdf\">\u00a0T\u00e9l\u00e9charger le dossier<\/a> [pdf]<\/div>\n<\/div>\n<div class=\"ob-section ob-section-file\">\n<p class=\"ob-desc\">\n<\/div>\n<\/div>\n<\/div>\n<footer class=\"footer\">\n<div class=\"share\">\n<div class=\"googleplus-one\"><\/div>\n<div class=\"twitter-share\"><\/div>\n<div class=\"facebook-like\"><\/div>\n<\/div>\n<\/footer>\n<\/div>\n<\/div>\n<\/div>\n","protected":false},"excerpt":{"rendered":"<p>&nbsp; Voir plus&#8230; les-hommes-en-bleu \u00ab\u00a0A l&rsquo;heure du sirop dans les gla\u00e7ons\u00a0\u00bb est une adaptation tr\u00e8s r\u00e9ussie du spectacle itin\u00e9rant \u00ab\u00a0Les hommes en bleu\u00a0\u00bb&#8230; La mise en sc\u00e8ne originale, le rythme du spectacle ma\u00eetris\u00e9 par l&rsquo;alternance de po\u00e9sies intimistes, dr\u00f4les ou \u00e9mouvantes, le choix de nombreux po\u00e8tes connus ou moins connus, des interactions avec le public&#8230; &hellip; <\/p>\n<p class=\"link-more\"><a href=\"https:\/\/eutectic.fr\/?page_id=71\" class=\"more-link\">Continuer la lecture<span class=\"screen-reader-text\"> de &laquo;&nbsp;A l&rsquo;heure du sirop dans les gla\u00e7ons&nbsp;&raquo;<\/span><\/a><\/p>\n","protected":false},"author":1,"featured_media":0,"parent":0,"menu_order":0,"comment_status":"closed","ping_status":"closed","template":"","meta":[],"_links":{"self":[{"href":"https:\/\/eutectic.fr\/index.php?rest_route=\/wp\/v2\/pages\/71"}],"collection":[{"href":"https:\/\/eutectic.fr\/index.php?rest_route=\/wp\/v2\/pages"}],"about":[{"href":"https:\/\/eutectic.fr\/index.php?rest_route=\/wp\/v2\/types\/page"}],"author":[{"embeddable":true,"href":"https:\/\/eutectic.fr\/index.php?rest_route=\/wp\/v2\/users\/1"}],"replies":[{"embeddable":true,"href":"https:\/\/eutectic.fr\/index.php?rest_route=%2Fwp%2Fv2%2Fcomments&post=71"}],"version-history":[{"count":0,"href":"https:\/\/eutectic.fr\/index.php?rest_route=\/wp\/v2\/pages\/71\/revisions"}],"wp:attachment":[{"href":"https:\/\/eutectic.fr\/index.php?rest_route=%2Fwp%2Fv2%2Fmedia&parent=71"}],"curies":[{"name":"wp","href":"https:\/\/api.w.org\/{rel}","templated":true}]}}