{"id":578,"date":"2018-03-08T15:58:40","date_gmt":"2018-03-08T14:58:40","guid":{"rendered":"http:\/\/eutectic.fr\/?page_id=578"},"modified":"2020-01-07T10:12:17","modified_gmt":"2020-01-07T09:12:17","slug":"lecture","status":"publish","type":"page","link":"https:\/\/eutectic.fr\/?page_id=578","title":{"rendered":"Lecture.         th\u00e9\u00e2tre"},"content":{"rendered":"<h1><span style=\"color: #0000ff;\"><strong>Imprudences ?<\/strong><\/span><\/h1>\n<p><span style=\"color: #0000ff;\">Fantaisie th\u00e9\u00e2trale sur trois nouvelles de Maupassant\u00a0<\/span><\/p>\n<p><img decoding=\"async\" loading=\"lazy\" class=\"alignright size-medium wp-image-1360\" src=\"http:\/\/eutectic.fr\/wp-content\/uploads\/2019\/02\/fly-212x300.jpg\" alt=\"\" width=\"212\" height=\"300\" srcset=\"https:\/\/eutectic.fr\/wp-content\/uploads\/2019\/02\/fly-212x300.jpg 212w, https:\/\/eutectic.fr\/wp-content\/uploads\/2019\/02\/fly-768x1087.jpg 768w, https:\/\/eutectic.fr\/wp-content\/uploads\/2019\/02\/fly-723x1024.jpg 723w, https:\/\/eutectic.fr\/wp-content\/uploads\/2019\/02\/fly.jpg 1248w\" sizes=\"(max-width: 212px) 100vw, 212px\" \/><strong><span style=\"color: #000000; font-size: 14pt;\">\u00e0 la \u00a0maison commune du chemin vert <\/span><\/strong><\/p>\n<p><span style=\"color: #ff6600; font-size: 18pt;\">le mardi 5 et mercredi 6 novembre 2019 \u00e0 19h30<\/span><\/p>\n<p>&nbsp;<\/p>\n<div id='gallery-1' class='gallery galleryid-578 gallery-columns-3 gallery-size-thumbnail'><figure class='gallery-item'>\n\t\t\t<div class='gallery-icon landscape'>\n\t\t\t\t<a href='https:\/\/eutectic.fr\/?attachment_id=1379'><img width=\"150\" height=\"150\" src=\"https:\/\/eutectic.fr\/wp-content\/uploads\/2019\/02\/1et10-1-150x150.jpg\" class=\"attachment-thumbnail size-thumbnail\" alt=\"\" decoding=\"async\" loading=\"lazy\" srcset=\"https:\/\/eutectic.fr\/wp-content\/uploads\/2019\/02\/1et10-1-150x150.jpg 150w, https:\/\/eutectic.fr\/wp-content\/uploads\/2019\/02\/1et10-1-100x100.jpg 100w\" sizes=\"100vw\" \/><\/a>\n\t\t\t<\/div><\/figure><figure class='gallery-item'>\n\t\t\t<div class='gallery-icon landscape'>\n\t\t\t\t<a href='https:\/\/eutectic.fr\/?attachment_id=1378'><img width=\"150\" height=\"150\" src=\"https:\/\/eutectic.fr\/wp-content\/uploads\/2019\/02\/2-et3-150x150.jpg\" class=\"attachment-thumbnail size-thumbnail\" alt=\"\" decoding=\"async\" loading=\"lazy\" srcset=\"https:\/\/eutectic.fr\/wp-content\/uploads\/2019\/02\/2-et3-150x150.jpg 150w, https:\/\/eutectic.fr\/wp-content\/uploads\/2019\/02\/2-et3-100x100.jpg 100w\" sizes=\"100vw\" \/><\/a>\n\t\t\t<\/div><\/figure><figure class='gallery-item'>\n\t\t\t<div class='gallery-icon landscape'>\n\t\t\t\t<a href='https:\/\/eutectic.fr\/?attachment_id=1377'><img width=\"150\" height=\"150\" src=\"https:\/\/eutectic.fr\/wp-content\/uploads\/2019\/02\/4et5-150x150.jpg\" class=\"attachment-thumbnail size-thumbnail\" alt=\"\" decoding=\"async\" loading=\"lazy\" srcset=\"https:\/\/eutectic.fr\/wp-content\/uploads\/2019\/02\/4et5-150x150.jpg 150w, https:\/\/eutectic.fr\/wp-content\/uploads\/2019\/02\/4et5-100x100.jpg 100w\" sizes=\"100vw\" \/><\/a>\n\t\t\t<\/div><\/figure><figure class='gallery-item'>\n\t\t\t<div class='gallery-icon landscape'>\n\t\t\t\t<a href='https:\/\/eutectic.fr\/?attachment_id=1376'><img width=\"150\" height=\"150\" src=\"https:\/\/eutectic.fr\/wp-content\/uploads\/2019\/02\/6et7-150x150.jpg\" class=\"attachment-thumbnail size-thumbnail\" alt=\"\" decoding=\"async\" loading=\"lazy\" srcset=\"https:\/\/eutectic.fr\/wp-content\/uploads\/2019\/02\/6et7-150x150.jpg 150w, https:\/\/eutectic.fr\/wp-content\/uploads\/2019\/02\/6et7-100x100.jpg 100w\" sizes=\"100vw\" \/><\/a>\n\t\t\t<\/div><\/figure><figure class='gallery-item'>\n\t\t\t<div class='gallery-icon landscape'>\n\t\t\t\t<a href='https:\/\/eutectic.fr\/?attachment_id=1375'><img width=\"150\" height=\"150\" src=\"https:\/\/eutectic.fr\/wp-content\/uploads\/2019\/02\/8et9-150x150.jpg\" class=\"attachment-thumbnail size-thumbnail\" alt=\"\" decoding=\"async\" loading=\"lazy\" srcset=\"https:\/\/eutectic.fr\/wp-content\/uploads\/2019\/02\/8et9-150x150.jpg 150w, https:\/\/eutectic.fr\/wp-content\/uploads\/2019\/02\/8et9-100x100.jpg 100w\" sizes=\"100vw\" \/><\/a>\n\t\t\t<\/div><\/figure><figure class='gallery-item'>\n\t\t\t<div class='gallery-icon landscape'>\n\t\t\t\t<a href='https:\/\/eutectic.fr\/?attachment_id=1367'><img width=\"150\" height=\"150\" src=\"https:\/\/eutectic.fr\/wp-content\/uploads\/2019\/02\/1et10-150x150.jpg\" class=\"attachment-thumbnail size-thumbnail\" alt=\"\" decoding=\"async\" loading=\"lazy\" srcset=\"https:\/\/eutectic.fr\/wp-content\/uploads\/2019\/02\/1et10-150x150.jpg 150w, https:\/\/eutectic.fr\/wp-content\/uploads\/2019\/02\/1et10-100x100.jpg 100w\" sizes=\"100vw\" \/><\/a>\n\t\t\t<\/div><\/figure>\n\t\t<\/div>\n\n<h1><\/h1>\n<h1><img decoding=\"async\" loading=\"lazy\" class=\"wp-image-1061 size-medium alignleft\" src=\"http:\/\/eutectic.fr\/wp-content\/uploads\/2018\/06\/2-la-parure-3-212x300.jpg\" alt=\"\" width=\"212\" height=\"300\" srcset=\"https:\/\/eutectic.fr\/wp-content\/uploads\/2018\/06\/2-la-parure-3-212x300.jpg 212w, https:\/\/eutectic.fr\/wp-content\/uploads\/2018\/06\/2-la-parure-3.jpg 595w\" sizes=\"(max-width: 212px) 100vw, 212px\" \/>Trois couples racontent et rejouent ce qui, un jour, a fait basculer leurs vies.<\/h1>\n<p>&nbsp;<\/p>\n<p><span style=\"color: #0000ff;\">mise en sc\u00e8ne\u00a0par Pascal Th\u00e9tard <\/span><\/p>\n<p>Comment, confront\u00e9s \u00e0 une situation difficile \u00e0 premi\u00e8re vue d\u00e9sesp\u00e9r\u00e9e ou m\u00eame indigne, chacun s&rsquo;est r\u00e9v\u00e9l\u00e9 et en est sorti grandi. Dans ce d\u00e9voilement, ils parlent de leur d\u00e9sirs et de leurs amours et nous laissent ainsi pressentir qu&rsquo;adolescence et maturit\u00e9 sont loin de n&rsquo;\u00eatre qu&rsquo;une question d&rsquo;\u00e2ge.<\/p>\n<p>Le r\u00e9cit est agr\u00e9ment\u00e9\u00a0de fantaisie, les personnages prennent en charge la narration, le \u00ab\u00a0je\u00a0\u00bb est remplac\u00e9 par le \u00ab\u00a0il\u00a0\u00bb ce qui donne de la distance et \u00e9vite le pathos. Les sc\u00e8nes dialogu\u00e9es, vives et incisives, font ressurgir le pass\u00e9. On passe du rire \u00e0 la stup\u00e9faction, de l&rsquo;\u00e9motion \u00e0 la sensualit\u00e9. l&rsquo;interpr\u00e9tation permet d&rsquo;aller au-del\u00e0 du\u00a0sens premier des mots et des phrases et d&rsquo;acc\u00e9der \u00e0 ce questionnement: \u00a0\u00bb qu&rsquo;est-ce que vivre \u00e0 deux ?<\/p>\n<p style=\"text-align: left;\">L&rsquo;\u00e9troitesse de la sc\u00e8ne rend les dialogues plus pr\u00e9sents et m\u00eame urgents.\u00a0Elle met les corps en valeur. Tant\u00f4t encombrants ils obstruent l&rsquo;espace, tant\u00f4t souples et gracieux, ils offrent de belles envol\u00e9es sentimentales. Par la magie des lumi\u00e8res et des costumes, les trois nouvelles se jouent dans des tableaux tr\u00e8s diff\u00e9rents, ce qui ajoute \u00e0 la dynamique du spectacle.<\/p>\n<div id='gallery-2' class='gallery galleryid-578 gallery-columns-3 gallery-size-thumbnail'><figure class='gallery-item'>\n\t\t\t<div class='gallery-icon portrait'>\n\t\t\t\t<a href='https:\/\/eutectic.fr\/?attachment_id=1348'><img width=\"150\" height=\"150\" src=\"https:\/\/eutectic.fr\/wp-content\/uploads\/2019\/02\/3-150x150.jpg\" class=\"attachment-thumbnail size-thumbnail\" alt=\"\" decoding=\"async\" loading=\"lazy\" aria-describedby=\"gallery-2-1348\" srcset=\"https:\/\/eutectic.fr\/wp-content\/uploads\/2019\/02\/3-150x150.jpg 150w, https:\/\/eutectic.fr\/wp-content\/uploads\/2019\/02\/3-100x100.jpg 100w\" sizes=\"100vw\" \/><\/a>\n\t\t\t<\/div>\n\t\t\t\t<figcaption class='wp-caption-text gallery-caption' id='gallery-2-1348'>\n\t\t\t\tImprudences ?\n\t\t\t\t<\/figcaption><\/figure><figure class='gallery-item'>\n\t\t\t<div class='gallery-icon portrait'>\n\t\t\t\t<a href='https:\/\/eutectic.fr\/?attachment_id=1347'><img width=\"150\" height=\"150\" src=\"https:\/\/eutectic.fr\/wp-content\/uploads\/2019\/02\/SAM5824-e1549459623975-150x150.jpg\" class=\"attachment-thumbnail size-thumbnail\" alt=\"\" decoding=\"async\" loading=\"lazy\" aria-describedby=\"gallery-2-1347\" srcset=\"https:\/\/eutectic.fr\/wp-content\/uploads\/2019\/02\/SAM5824-e1549459623975-150x150.jpg 150w, https:\/\/eutectic.fr\/wp-content\/uploads\/2019\/02\/SAM5824-e1549459623975-100x100.jpg 100w\" sizes=\"100vw\" \/><\/a>\n\t\t\t<\/div>\n\t\t\t\t<figcaption class='wp-caption-text gallery-caption' id='gallery-2-1347'>\n\t\t\t\tLa serre\n\t\t\t\t<\/figcaption><\/figure><figure class='gallery-item'>\n\t\t\t<div class='gallery-icon landscape'>\n\t\t\t\t<a href='https:\/\/eutectic.fr\/?attachment_id=1346'><img width=\"150\" height=\"150\" src=\"https:\/\/eutectic.fr\/wp-content\/uploads\/2019\/02\/SAM5770-150x150.jpg\" class=\"attachment-thumbnail size-thumbnail\" alt=\"\" decoding=\"async\" loading=\"lazy\" aria-describedby=\"gallery-2-1346\" srcset=\"https:\/\/eutectic.fr\/wp-content\/uploads\/2019\/02\/SAM5770-150x150.jpg 150w, https:\/\/eutectic.fr\/wp-content\/uploads\/2019\/02\/SAM5770-100x100.jpg 100w\" sizes=\"100vw\" \/><\/a>\n\t\t\t<\/div>\n\t\t\t\t<figcaption class='wp-caption-text gallery-caption' id='gallery-2-1346'>\n\t\t\t\tImprudence\n\t\t\t\t<\/figcaption><\/figure><figure class='gallery-item'>\n\t\t\t<div class='gallery-icon landscape'>\n\t\t\t\t<a href='https:\/\/eutectic.fr\/?attachment_id=1345'><img width=\"150\" height=\"150\" src=\"https:\/\/eutectic.fr\/wp-content\/uploads\/2019\/02\/SAM5790-150x150.jpg\" class=\"attachment-thumbnail size-thumbnail\" alt=\"\" decoding=\"async\" loading=\"lazy\" srcset=\"https:\/\/eutectic.fr\/wp-content\/uploads\/2019\/02\/SAM5790-150x150.jpg 150w, https:\/\/eutectic.fr\/wp-content\/uploads\/2019\/02\/SAM5790-100x100.jpg 100w\" sizes=\"100vw\" \/><\/a>\n\t\t\t<\/div><\/figure><figure class='gallery-item'>\n\t\t\t<div class='gallery-icon portrait'>\n\t\t\t\t<a href='https:\/\/eutectic.fr\/?attachment_id=1344'><img width=\"150\" height=\"150\" src=\"https:\/\/eutectic.fr\/wp-content\/uploads\/2019\/02\/10-150x150.jpg\" class=\"attachment-thumbnail size-thumbnail\" alt=\"\" decoding=\"async\" loading=\"lazy\" aria-describedby=\"gallery-2-1344\" srcset=\"https:\/\/eutectic.fr\/wp-content\/uploads\/2019\/02\/10-150x150.jpg 150w, https:\/\/eutectic.fr\/wp-content\/uploads\/2019\/02\/10-100x100.jpg 100w\" sizes=\"100vw\" \/><\/a>\n\t\t\t<\/div>\n\t\t\t\t<figcaption class='wp-caption-text gallery-caption' id='gallery-2-1344'>\n\t\t\t\tla serre\n\t\t\t\t<\/figcaption><\/figure><figure class='gallery-item'>\n\t\t\t<div class='gallery-icon portrait'>\n\t\t\t\t<a href='https:\/\/eutectic.fr\/?attachment_id=1343'><img width=\"150\" height=\"150\" src=\"https:\/\/eutectic.fr\/wp-content\/uploads\/2019\/02\/SAM5752-150x150.jpg\" class=\"attachment-thumbnail size-thumbnail\" alt=\"\" decoding=\"async\" loading=\"lazy\" srcset=\"https:\/\/eutectic.fr\/wp-content\/uploads\/2019\/02\/SAM5752-150x150.jpg 150w, https:\/\/eutectic.fr\/wp-content\/uploads\/2019\/02\/SAM5752-100x100.jpg 100w\" sizes=\"100vw\" \/><\/a>\n\t\t\t<\/div><\/figure><figure class='gallery-item'>\n\t\t\t<div class='gallery-icon portrait'>\n\t\t\t\t<a href='https:\/\/eutectic.fr\/?attachment_id=1342'><img width=\"150\" height=\"150\" src=\"https:\/\/eutectic.fr\/wp-content\/uploads\/2019\/02\/11-150x150.jpg\" class=\"attachment-thumbnail size-thumbnail\" alt=\"\" decoding=\"async\" loading=\"lazy\" aria-describedby=\"gallery-2-1342\" srcset=\"https:\/\/eutectic.fr\/wp-content\/uploads\/2019\/02\/11-150x150.jpg 150w, https:\/\/eutectic.fr\/wp-content\/uploads\/2019\/02\/11-100x100.jpg 100w\" sizes=\"100vw\" \/><\/a>\n\t\t\t<\/div>\n\t\t\t\t<figcaption class='wp-caption-text gallery-caption' id='gallery-2-1342'>\n\t\t\t\tImprudences ?\n\t\t\t\t<\/figcaption><\/figure>\n\t\t<\/div>\n\n<p><span style=\"font-size: 14pt;\">lien\u00a0dossier : \u00a0https:\/\/www.sugarsync.com\/pf\/D2590342_08244321_6941583<\/span><\/p>\n<p><span style=\"font-size: 14pt;\">lien teaser :\u00a0 https:\/\/youtu.be\/PBtknprEYRE<\/span><\/p>\n<p>&nbsp;<\/p>\n<p>&nbsp;<\/p>\n<p><span style=\"color: #0000ff;\">et pour voyager encore au temps de Maupassant :<\/span><\/p>\n<p>Allais \/ Maupassant\u00a0 &#8211; lecture<\/p>\n<p><img decoding=\"async\" loading=\"lazy\" class=\"size-medium wp-image-835 alignnone\" src=\"http:\/\/eutectic.fr\/wp-content\/uploads\/2018\/04\/caroPT3-300x300.jpg\" alt=\"\" width=\"300\" height=\"300\" srcset=\"https:\/\/eutectic.fr\/wp-content\/uploads\/2018\/04\/caroPT3-300x300.jpg 300w, https:\/\/eutectic.fr\/wp-content\/uploads\/2018\/04\/caroPT3-150x150.jpg 150w, https:\/\/eutectic.fr\/wp-content\/uploads\/2018\/04\/caroPT3-600x600.jpg 600w, https:\/\/eutectic.fr\/wp-content\/uploads\/2018\/04\/caroPT3-100x100.jpg 100w, https:\/\/eutectic.fr\/wp-content\/uploads\/2018\/04\/caroPT3.jpg 756w\" sizes=\"(max-width: 300px) 100vw, 300px\" \/><\/p>\n<p><span style=\"color: #000000;\">Pourquoi associer\u00a0 ces deux-l\u00e0 ?\u00a0 \u00a0 \u00a0 \u00a0 \u00a0 \u00a0 \u00a0 \u00a0 \u00a0 \u00a0 \u00a0 \u00a0 \u00a0 \u00a0 \u00a0 \u00a0 \u00a0 \u00a0 \u00a0 \u00a0 \u00a0 \u00a0 \u00a0 \u00a0 \u00a0 \u00a0 \u00a0 \u00a0 \u00a0 \u00a0 \u00a0 \u00a0 \u00a0 \u00a0 \u00a0 \u00a0 \u00a0 \u00a0 \u00a0 \u00a0 \u00a0 \u00a0 \u00a0 \u00a0 \u00a0 \u00a0 \u00a0 \u00a0 \u00a0 \u00a0Ils sont contemporains\u00a0 \u00a0 \u00a0 \u00a0 \u00a0 \u00a0 \u00a0 \u00a0 \u00a0 \u00a0 \u00a0 \u00a0 \u00a0 \u00a0 \u00a0 \u00a0 \u00a0 \u00a0 \u00a0 \u00a0 \u00a0 \u00a0 \u00a0 \u00a0 \u00a0 \u00a0 \u00a0 \u00a0 \u00a0 \u00a0 \u00a0 \u00a0 \u00a0 \u00a0 \u00a0 \u00a0 \u00a0 \u00a0 \u00a0 \u00a0 \u00a0 \u00a0 \u00a0 \u00a0 \u00a0 \u00a0 \u00a0 \u00a0 \u00a0 \u00a0 \u00a0 \u00a0 \u00a0 \u00a0 \u00a0 \u00a0 \u00a0 \u00a0 \u00a0Ils aiment la forme br\u00e8ve\u00a0 \u00a0 \u00a0 \u00a0 \u00a0 \u00a0 \u00a0 \u00a0 \u00a0 \u00a0 \u00a0 \u00a0 \u00a0 \u00a0 \u00a0 \u00a0 \u00a0 \u00a0 \u00a0 \u00a0 \u00a0 \u00a0 \u00a0 \u00a0 \u00a0 \u00a0 \u00a0 \u00a0 \u00a0 \u00a0 \u00a0 \u00a0 \u00a0 \u00a0 \u00a0 \u00a0 \u00a0 \u00a0 \u00a0 \u00a0 \u00a0 \u00a0 \u00a0 \u00a0 \u00a0 \u00a0 \u00a0 \u00a0 \u00a0 \u00a0 \u00a0 \u00a0 \u00a0 \u00a0 \u00a0 \u00a0Ils sont des manipulateurs textuels<\/span><\/p>\n<p>A Maupassant la gloire litt\u00e9raire d\u00e9passant les fronti\u00e8res.\u00a0 \u00a0 \u00a0 \u00a0 \u00a0 \u00a0 \u00a0 \u00a0 \u00a0 \u00a0 \u00a0 \u00a0 \u00a0 \u00a0 \u00a0 \u00a0 \u00a0 \u00a0 \u00a0 \u00a0 \u00a0 \u00a0 A Allais la notori\u00e9t\u00e9 chez quelques-uns.<\/p>\n<p>Notre lecture les r\u00e9unit pour le plaisir du rire, de l&rsquo;\u00e9poque, de l&rsquo;\u00e9nergie, de l&rsquo;\u00e9motion, de l&rsquo;absurde et du naturalisme (\u00e0 vous d&rsquo;associer ces mots \u00e0 l&rsquo;un ou l&rsquo;autre auteur, voir les deux ensemble)<\/p>\n<p>Et si Guy de Maupassant est entr\u00e9 dans tous les manuels scolaires, il est temps de faire savoir qu&rsquo; Alphonse Allais a \u00e9t\u00e9 le premier \u00e0 d\u00e9poser un brevet de caf\u00e9 lyophilis\u00e9.<\/p>\n<p>Pourquoi associer ces deux l\u00e0 ?\u00a0 \u00a0 \u00a0 \u00a0 \u00a0 \u00a0 \u00a0 \u00a0 \u00a0 \u00a0 \u00a0 \u00a0 \u00a0 \u00a0 \u00a0 \u00a0 \u00a0 \u00a0 \u00a0 \u00a0 \u00a0 \u00a0 \u00a0 \u00a0 \u00a0 \u00a0 \u00a0 \u00a0 \u00a0 \u00a0 \u00a0 \u00a0 \u00a0 \u00a0 \u00a0 \u00a0 \u00a0 \u00a0 \u00a0 \u00a0 \u00a0 \u00a0 \u00a0 \u00a0 \u00a0 \u00a0 \u00a0 \u00a0 \u00a0 \u00a0 Et pourquoi pas ?<\/p>\n<h2><span style=\"color: #ff0000;\">R\u00e9ussir no\u00ebl sans se ruiner<\/span><\/h2>\n<h4>Th\u00e8mes<\/h4>\n<p>Lectures en h\u00f4pitaux<br \/>\nJapon<br \/>\nEnfance<br \/>\nL&rsquo;ordinaire ment<\/p>\n<p>&nbsp;<\/p>\n<p>&nbsp;<\/p>\n<div><\/div>\n","protected":false},"excerpt":{"rendered":"<p>Imprudences ? Fantaisie th\u00e9\u00e2trale sur trois nouvelles de Maupassant\u00a0 \u00e0 la \u00a0maison commune du chemin vert le mardi 5 et mercredi 6 novembre 2019 \u00e0 19h30 &nbsp; Trois couples racontent et rejouent ce qui, un jour, a fait basculer leurs vies. &nbsp; mise en sc\u00e8ne\u00a0par Pascal Th\u00e9tard Comment, confront\u00e9s \u00e0 une situation difficile \u00e0 premi\u00e8re &hellip; <\/p>\n<p class=\"link-more\"><a href=\"https:\/\/eutectic.fr\/?page_id=578\" class=\"more-link\">Continuer la lecture<span class=\"screen-reader-text\"> de &laquo;&nbsp;Lecture.         th\u00e9\u00e2tre&nbsp;&raquo;<\/span><\/a><\/p>\n","protected":false},"author":1,"featured_media":0,"parent":0,"menu_order":0,"comment_status":"closed","ping_status":"closed","template":"","meta":[],"_links":{"self":[{"href":"https:\/\/eutectic.fr\/index.php?rest_route=\/wp\/v2\/pages\/578"}],"collection":[{"href":"https:\/\/eutectic.fr\/index.php?rest_route=\/wp\/v2\/pages"}],"about":[{"href":"https:\/\/eutectic.fr\/index.php?rest_route=\/wp\/v2\/types\/page"}],"author":[{"embeddable":true,"href":"https:\/\/eutectic.fr\/index.php?rest_route=\/wp\/v2\/users\/1"}],"replies":[{"embeddable":true,"href":"https:\/\/eutectic.fr\/index.php?rest_route=%2Fwp%2Fv2%2Fcomments&post=578"}],"version-history":[{"count":0,"href":"https:\/\/eutectic.fr\/index.php?rest_route=\/wp\/v2\/pages\/578\/revisions"}],"wp:attachment":[{"href":"https:\/\/eutectic.fr\/index.php?rest_route=%2Fwp%2Fv2%2Fmedia&parent=578"}],"curies":[{"name":"wp","href":"https:\/\/api.w.org\/{rel}","templated":true}]}}