{"id":576,"date":"2018-03-08T15:57:53","date_gmt":"2018-03-08T14:57:53","guid":{"rendered":"http:\/\/eutectic.fr\/?page_id=576"},"modified":"2018-05-03T14:37:23","modified_gmt":"2018-05-03T12:37:23","slug":"poesie","status":"publish","type":"page","link":"https:\/\/eutectic.fr\/?page_id=576","title":{"rendered":"Po\u00e9sie"},"content":{"rendered":"<table>\n<tbody>\n<tr>\n<td><img decoding=\"async\" loading=\"lazy\" class=\"alignnone wp-image-253 size-medium\" src=\"http:\/\/eutectic.fr\/wp-content\/uploads\/2018\/02\/Hen-B-dessin-photo2-e1525350659506-216x300.jpg\" alt=\"\" width=\"216\" height=\"300\" srcset=\"https:\/\/eutectic.fr\/wp-content\/uploads\/2018\/02\/Hen-B-dessin-photo2-e1525350659506-216x300.jpg 216w, https:\/\/eutectic.fr\/wp-content\/uploads\/2018\/02\/Hen-B-dessin-photo2-e1525350659506-738x1024.jpg 738w, https:\/\/eutectic.fr\/wp-content\/uploads\/2018\/02\/Hen-B-dessin-photo2-e1525350659506-600x832.jpg 600w, https:\/\/eutectic.fr\/wp-content\/uploads\/2018\/02\/Hen-B-dessin-photo2-e1525350659506.jpg 762w\" sizes=\"(max-width: 216px) 100vw, 216px\" \/><\/td>\n<td><img decoding=\"async\" loading=\"lazy\" class=\"alignnone wp-image-1006 size-medium\" src=\"http:\/\/eutectic.fr\/wp-content\/uploads\/2018\/05\/sirop-dessin-photo-1-e1525350546986-222x300.jpg\" alt=\"\" width=\"222\" height=\"300\" srcset=\"https:\/\/eutectic.fr\/wp-content\/uploads\/2018\/05\/sirop-dessin-photo-1-e1525350546986-222x300.jpg 222w, https:\/\/eutectic.fr\/wp-content\/uploads\/2018\/05\/sirop-dessin-photo-1-e1525350546986-768x1038.jpg 768w, https:\/\/eutectic.fr\/wp-content\/uploads\/2018\/05\/sirop-dessin-photo-1-e1525350546986-757x1024.jpg 757w, https:\/\/eutectic.fr\/wp-content\/uploads\/2018\/05\/sirop-dessin-photo-1-e1525350546986-600x811.jpg 600w, https:\/\/eutectic.fr\/wp-content\/uploads\/2018\/05\/sirop-dessin-photo-1-e1525350546986.jpg 972w\" sizes=\"(max-width: 222px) 100vw, 222px\" \/><\/td>\n<td><img decoding=\"async\" loading=\"lazy\" class=\"alignnone wp-image-682 size-medium\" src=\"http:\/\/eutectic.fr\/wp-content\/uploads\/2018\/04\/HenR-3x3-e1525349014187-202x300.jpg\" alt=\"spectacle de rue jou\u00e9 par Pascal Th\u00e9tard\" width=\"202\" height=\"300\" srcset=\"https:\/\/eutectic.fr\/wp-content\/uploads\/2018\/04\/HenR-3x3-e1525349014187-202x300.jpg 202w, https:\/\/eutectic.fr\/wp-content\/uploads\/2018\/04\/HenR-3x3-e1525349014187.jpg 224w\" sizes=\"(max-width: 202px) 100vw, 202px\" \/><\/td>\n<td><img decoding=\"async\" loading=\"lazy\" class=\"aligncenter wp-image-252 size-medium\" src=\"http:\/\/eutectic.fr\/wp-content\/uploads\/2018\/02\/crits-DT-dessin-photo-1-e1525350512337-236x300.jpg\" alt=\"\" width=\"236\" height=\"300\" srcset=\"https:\/\/eutectic.fr\/wp-content\/uploads\/2018\/02\/crits-DT-dessin-photo-1-e1525350512337-236x300.jpg 236w, https:\/\/eutectic.fr\/wp-content\/uploads\/2018\/02\/crits-DT-dessin-photo-1-e1525350512337-600x762.jpg 600w, https:\/\/eutectic.fr\/wp-content\/uploads\/2018\/02\/crits-DT-dessin-photo-1-e1525350512337.jpg 648w\" sizes=\"(max-width: 236px) 100vw, 236px\" \/><\/td>\n<\/tr>\n<tr>\n<td>\u00a0<a href=\"http:\/\/eutectic.fr\/?page_id=87\"><span class=\"petit\">Les hommes en bleu<\/span><\/a><\/td>\n<td><a href=\"http:\/\/eutectic.fr\/?page_id=71\"><span class=\"petit\">Le sirop dans les gla\u00e7ons<\/span><\/a><\/td>\n<td><a href=\"http:\/\/eutectic.fr\/?page_id=96\"><span class=\"petit\">L&rsquo;Homme en rose<\/span><\/a><\/td>\n<td><a href=\"http:\/\/eutectic.fr\/?page_id=126\"><span class=\"petit\">\u00c9crits de tranch\u00e9es<\/span><\/a><\/td>\n<\/tr>\n<\/tbody>\n<\/table>\n<p>&nbsp;<\/p>\n","protected":false},"excerpt":{"rendered":"<p>\u00a0Les hommes en bleu Le sirop dans les gla\u00e7ons L&rsquo;Homme en rose \u00c9crits de tranch\u00e9es &nbsp;<\/p>\n","protected":false},"author":1,"featured_media":0,"parent":0,"menu_order":0,"comment_status":"closed","ping_status":"closed","template":"","meta":[],"_links":{"self":[{"href":"https:\/\/eutectic.fr\/index.php?rest_route=\/wp\/v2\/pages\/576"}],"collection":[{"href":"https:\/\/eutectic.fr\/index.php?rest_route=\/wp\/v2\/pages"}],"about":[{"href":"https:\/\/eutectic.fr\/index.php?rest_route=\/wp\/v2\/types\/page"}],"author":[{"embeddable":true,"href":"https:\/\/eutectic.fr\/index.php?rest_route=\/wp\/v2\/users\/1"}],"replies":[{"embeddable":true,"href":"https:\/\/eutectic.fr\/index.php?rest_route=%2Fwp%2Fv2%2Fcomments&post=576"}],"version-history":[{"count":0,"href":"https:\/\/eutectic.fr\/index.php?rest_route=\/wp\/v2\/pages\/576\/revisions"}],"wp:attachment":[{"href":"https:\/\/eutectic.fr\/index.php?rest_route=%2Fwp%2Fv2%2Fmedia&parent=576"}],"curies":[{"name":"wp","href":"https:\/\/api.w.org\/{rel}","templated":true}]}}