{"id":573,"date":"2018-03-08T15:55:28","date_gmt":"2018-03-08T14:55:28","guid":{"rendered":"http:\/\/eutectic.fr\/?page_id=573"},"modified":"2018-10-10T16:48:38","modified_gmt":"2018-10-10T14:48:38","slug":"conte","status":"publish","type":"page","link":"https:\/\/eutectic.fr\/?page_id=573","title":{"rendered":"Conte"},"content":{"rendered":"<table>\n<tbody>\n<tr>\n<td>\n<p><figure id=\"attachment_152\" aria-describedby=\"caption-attachment-152\" style=\"width: 150px\" class=\"wp-caption alignleft\"><a href=\"http:\/\/eutectic.fr\/?page_id=170\"><img decoding=\"async\" loading=\"lazy\" class=\"wp-image-152 size-thumbnail\" src=\"http:\/\/eutectic.fr\/wp-content\/uploads\/2018\/02\/ob_d79bc5_p-thetard-150x150.jpg\" alt=\"\" width=\"150\" height=\"150\" srcset=\"https:\/\/eutectic.fr\/wp-content\/uploads\/2018\/02\/ob_d79bc5_p-thetard-150x150.jpg 150w, https:\/\/eutectic.fr\/wp-content\/uploads\/2018\/02\/ob_d79bc5_p-thetard-300x298.jpg 300w, https:\/\/eutectic.fr\/wp-content\/uploads\/2018\/02\/ob_d79bc5_p-thetard-768x763.jpg 768w, https:\/\/eutectic.fr\/wp-content\/uploads\/2018\/02\/ob_d79bc5_p-thetard-1024x1017.jpg 1024w, https:\/\/eutectic.fr\/wp-content\/uploads\/2018\/02\/ob_d79bc5_p-thetard-100x100.jpg 100w, https:\/\/eutectic.fr\/wp-content\/uploads\/2018\/02\/ob_d79bc5_p-thetard.jpg 1031w\" sizes=\"(max-width: 150px) 100vw, 150px\" \/><\/a><figcaption id=\"caption-attachment-152\" class=\"wp-caption-text\"><a href=\"http:\/\/eutectic.fr\/?page_id=170\">Pascal Th\u00e9tard<\/a><\/figcaption><\/figure><\/td>\n<td>\n<p><figure id=\"attachment_151\" aria-describedby=\"caption-attachment-151\" style=\"width: 150px\" class=\"wp-caption alignleft\"><a href=\"http:\/\/eutectic.fr\/?page_id=176\"><img decoding=\"async\" loading=\"lazy\" class=\"wp-image-151 size-thumbnail\" src=\"http:\/\/eutectic.fr\/wp-content\/uploads\/2018\/02\/ob_ab819e_ps-150x150.jpg\" alt=\"\" width=\"150\" height=\"150\" srcset=\"https:\/\/eutectic.fr\/wp-content\/uploads\/2018\/02\/ob_ab819e_ps-150x150.jpg 150w, https:\/\/eutectic.fr\/wp-content\/uploads\/2018\/02\/ob_ab819e_ps-100x100.jpg 100w\" sizes=\"(max-width: 150px) 100vw, 150px\" \/><\/a><figcaption id=\"caption-attachment-151\" class=\"wp-caption-text\"><a href=\"http:\/\/eutectic.fr\/?page_id=176\">Pascal Salzard<\/a><\/figcaption><\/figure><\/td>\n<\/tr>\n<tr>\n<td><strong>spectacles<\/strong><\/p>\n<p><a href=\"http:\/\/eutectic.fr\/?page_id=311\">Les fleurs de sang<\/a><br \/>\n<a href=\"http:\/\/eutectic.fr\/?page_id=316\">C\u2019est l\u2019automne, vive le chou !<\/a><br \/>\n<a href=\"http:\/\/eutectic.fr\/?page_id=320\">Y\u2019a un os\u00a0!<\/a><br \/>\n<a href=\"http:\/\/eutectic.fr\/?page_id=326\">Comment les taupes ont-elles invent\u00e9 le m\u00e9tro\u00a0?<\/a><br \/>\n<a href=\"http:\/\/eutectic.fr\/?page_id=329\">Crottes de biques et prout \u00e0 ressorts<\/a><\/p>\n<p>&nbsp;<\/p>\n<p>&nbsp;<\/td>\n<td><strong>spectacles<\/strong><\/p>\n<div><a href=\"http:\/\/eutectic.fr\/?page_id=154\">Histoires tomb\u00e9es du lit<\/a><\/div>\n<div><a href=\"http:\/\/eutectic.fr\/?page_id=158\">Il \u00e9tait une fleur<\/a><\/div>\n<div><a href=\"http:\/\/eutectic.fr\/?page_id=288\">L&rsquo;avis du r\u00eaveur<\/a><\/div>\n<p><a href=\"http:\/\/eutectic.fr\/?page_id=1137\">Contes japonais<\/a><br \/>\n<a href=\"http:\/\/eutectic.fr\/?page_id=1168\">Les bougons de No\u00ebl<\/a><br \/>\n<a href=\"http:\/\/eutectic.fr\/?page_id=1191\">Naissances (Mythologie grecque)<\/a><\/td>\n<\/tr>\n<\/tbody>\n<\/table>\n","protected":false},"excerpt":{"rendered":"<p>spectacles Les fleurs de sang C\u2019est l\u2019automne, vive le chou ! Y\u2019a un os\u00a0! Comment les taupes ont-elles invent\u00e9 le m\u00e9tro\u00a0? Crottes de biques et prout \u00e0 ressorts &nbsp; &nbsp; spectacles Histoires tomb\u00e9es du lit Il \u00e9tait une fleur L&rsquo;avis du r\u00eaveur Contes japonais Les bougons de No\u00ebl Naissances (Mythologie grecque)<\/p>\n","protected":false},"author":1,"featured_media":0,"parent":0,"menu_order":0,"comment_status":"closed","ping_status":"closed","template":"","meta":[],"_links":{"self":[{"href":"https:\/\/eutectic.fr\/index.php?rest_route=\/wp\/v2\/pages\/573"}],"collection":[{"href":"https:\/\/eutectic.fr\/index.php?rest_route=\/wp\/v2\/pages"}],"about":[{"href":"https:\/\/eutectic.fr\/index.php?rest_route=\/wp\/v2\/types\/page"}],"author":[{"embeddable":true,"href":"https:\/\/eutectic.fr\/index.php?rest_route=\/wp\/v2\/users\/1"}],"replies":[{"embeddable":true,"href":"https:\/\/eutectic.fr\/index.php?rest_route=%2Fwp%2Fv2%2Fcomments&post=573"}],"version-history":[{"count":0,"href":"https:\/\/eutectic.fr\/index.php?rest_route=\/wp\/v2\/pages\/573\/revisions"}],"wp:attachment":[{"href":"https:\/\/eutectic.fr\/index.php?rest_route=%2Fwp%2Fv2%2Fmedia&parent=573"}],"curies":[{"name":"wp","href":"https:\/\/api.w.org\/{rel}","templated":true}]}}