{"id":451,"date":"2018-03-01T23:28:55","date_gmt":"2018-03-01T22:28:55","guid":{"rendered":"http:\/\/eutectic.fr\/?page_id=451"},"modified":"2018-03-03T11:48:08","modified_gmt":"2018-03-03T10:48:08","slug":"historique","status":"publish","type":"page","link":"https:\/\/eutectic.fr\/?page_id=451","title":{"rendered":"EutectiC, la tactique des gens d\u2019\u00e2me\u2026"},"content":{"rendered":"<p>\u00c0 l\u2019heure o\u00f9 il est \u00ab\u00a0<em>in<\/em>\u00a0\u00bb de se revendiquer comme un \u00ab\u00a0collectif\u00a0\u00bb, EutectiC, collectif avant l\u2019heure et pr\u00e9curseur, continue de tracer sa route, avec le m\u00eame panache et un dessein immuable, \u00e0 savoir, de partager une \u00ab\u00a0politique artistique\u00a0\u00bb commune\u00a0: la po\u00e9sie et l\u2019imagination, \u00e0 la fois une po\u00e9tique et une esth\u00e9tique\u2026<\/p>\n<p>Ces in\u00e9narrables conteurs p\u00e9tillants de malice f\u00eatent leurs 20 ans et entendent, plus que jamais, red\u00e9finir leurs orientations artistiques. Le conte, ancr\u00e9 dans une tradition populaire, demeure pour eux une forme essentielle. \u00ab\u00a0<em>EutectiC c\u2019est avant tout la mise en commun de comp\u00e9tences\u00a0; nous avons au fur et \u00e0 mesure appris \u00e0 travailler ensemble avec la m\u00eame envie de faire des spectacles pour le peuple selon une volont\u00e9 profonde d\u2019affirmer une culture populaire. Certes le terme est quelque peu galvaud\u00e9 aujourd\u2019hui, mais il ne nous appara\u00eet pas d\u00e9magogique, pour nous, c\u2019est une exigence artistique<\/em>\u00a0\u00bb, t\u00e9moignent de concert les artistes.<\/p>\n<p>\u00ab\u00a0<em>Nous sommes aujourd\u2019hui combl\u00e9s, nous avons 20 ans et sommes fiers de les avoir. C\u2019est l\u2019occasion de se poser et de r\u00e9fl\u00e9chir \u00e0 ce que nous faisons encore ensemble<\/em>\u00a0\u00bb. Une conviction commune les lie, celle de s\u2019adresser au plus grand nombre, et non pas qu\u2019aux c\u00e9r\u00e9braux, mais \u00e9galement aux sensoriels. L\u2019enjeu est de permettre \u00e0 la passion d\u2019entrer dans le quotidien des personnes, afin d\u2019entretenir l\u2019\u00e9mulation artistique du plus grand nombre.<\/p>\n<p>L\u2019enjeu n\u2019est ni d\u2019\u00e9duquer, ni de produire des discours, ni d\u2019enseigner, mais plut\u00f4t de faire d\u00e9couvrir. En chaque individu, il existe une part artiste, or, si d\u2019une mani\u00e8re g\u00e9n\u00e9rale, l\u2019\u00e9cole permet de d\u00e9couvrir, libre \u00e0 chacun d\u2019approfondir, et le collectif EutectiC, anim\u00e9 par l\u2019esprit de rencontre, entend ne jamais laisser la curiosit\u00e9 du public s\u2019\u00e9teindre. Si la culture se fait parfois de plus en plus \u00e9litiste, les souffleurs de vers insufflent, loin des querelles d\u2019\u00e9cole, une po\u00e9sie nourrie de myst\u00e8re et pr\u00e9munie contre l\u2019uniformisation. \u00ab\u00a0<em>Nous revendiquons la po\u00e9sie avec un petit \u00ab\u00a0p\u00a0\u00bb, car l\u2019art doit \u00eatre au quotidien et c\u2019est une occasion d\u2019\u00eatre sensible<\/em>\u00a0\u00bb.<\/p>\n<p>Que les membres du collectif proposent un campement insolite avec des hommes en bleu surprenant de po\u00e9sie, ou qu\u2019ils nous content, dans l\u2019\u00e9crin d\u2019une salle intime, des histoires, ils nous \u00e9veillent et nous enrichissent. En multipliant les rencontres, ces artistes apportent la vie parfois o\u00f9 tout semble monotone voire morose. M\u00eame si les conditions artistiques semblent parfois difficiles, rien n\u2019emp\u00eache le collectif de d\u00e9livrer un message de l\u2019ordre de l\u2019intime, parlant au spectateur d\u2019\u00e2me \u00e0 \u00e2me.<\/p>\n<p>Dans un travail de terrain, EutectiC r\u00eave d\u2019un art qui s\u2019adresse au plus grand nombre et va, de ville en ville, de porte en porte, partager avec g\u00e9n\u00e9rosit\u00e9 une po\u00e9sie inattendue. Pascal Th\u00e9tard, Pascal Salzard, Raynald Flory et Marie-Jos\u00e9 Solivellas sont anim\u00e9s depuis 20 ans d\u2019une m\u00eame passion et de valeurs intemporelles\u00a0; nul ne peut rester insensible \u00e0 l\u2019art et la po\u00e9sie peut nous sauver de la monstruosit\u00e9 en multipliant avec bonheur les \u00e9tincelles positives. Sans se revendiquer comme po\u00e8tes proph\u00e8tes, \u00e0 la mani\u00e8re d\u2019Hugo en son temps, les amis du collectif, v\u00e9ritables \u00ab\u00a0passeurs\u00a0\u00bb, nous font comprendre que, po\u00e8te est celui-l\u00e0 qui accepte le myst\u00e8re de l\u2019art\u2026<\/p>\n<p><strong>Amandine Lef\u00e8vre<\/strong><\/p>\n<p>Le Collectif artistique EutectiC est une association, un regroupement d\u2019artistes professionnels mettant en \u0153uvre une politique commune pour d\u00e9fendre les arts de la rue.<\/p>\n<h5>Il s\u2019inscrit dans une politique artistique avec comme utopie que tout \u00eatre humain a une sensibilit\u00e9 artistique et qu\u2019\u00eatre artiste professionnel c\u2019est essayer de r\u00e9v\u00e9ler le grain de folie de chaque \u00eatre humain.<\/h5>\n<p>Aujourd\u2019hui, il y a urgence \u00e0 r\u00e9veiller la part artistique de chacun d\u2019entre nous afin de r\u00e9sister \u00e0 l\u2019enfermement que nous impose la dictature culturelle.<\/p>\n<p>Le gouvernement\u00a0 pense que l\u2019art et la culture sont n\u00e9cessaires et donc dirige et d\u00e9cide comment ils vont se d\u00e9velopper via les institutions culturelles. Les interm\u00e9diaires que sont les experts, les diffuseurs, les responsables de service culturel\u2026r\u00e9pondent aux directives minist\u00e9rielles et ont obtenu un pouvoir \u00e9conomique et de d\u00e9cision qui font loi.<\/p>\n<p>Si le d\u00e9veloppement des festivals pouvait laisser esp\u00e9rer \u00eatre un lieu de pr\u00e9dilection pour se produire, il n\u2019en ait plus rien car ils deviennent eux aussi institutionnels.<\/p>\n<p>Revenir \u00e0\u00a0 la confiance envers l\u2019artiste, favoriser et aider les cr\u00e9ations personnelles, aider financi\u00e8rement les petites compagnies pour la diffusion des spectacles de rue entra\u00eenerait\u00a0 peut-\u00eatre une baisse de niveau \u00e0 l\u2019\u00e9litisme c\u00e9r\u00e9bral fix\u00e9 mais favoriserait l\u2019\u00e9mulation artistique du plus grand nombre vers une pluralit\u00e9 de qualit\u00e9s et non pas vers une excellence reconnue qui ferme tout espoir d\u2019exister.<\/p>\n<p>Multiplier les faits artistiques non \u00e9v\u00e8nementiels pour que l\u2019art devienne l\u2019art de vivre, l\u2019art au quotidien.<\/p>\n<p>Le culturel, c\u2019est la capitalisation de r\u00e9f\u00e9rences et de savoirs. Le culturel est cod\u00e9 et\u00a0 permet un langage commun, une connaissance commune pour une \u00ab\u00a0\u00e9lite\u00a0\u00bb.<\/p>\n<p>Par exemple\u00a0:<\/p>\n<p>Regarder une \u0153uvre plastique\u00a0: certains l\u2019appr\u00e9cieront\u00a0 gr\u00e2ce \u00e0 leurs r\u00e9f\u00e9rences culturelles et d\u2019autres l\u2019appr\u00e9cieront avec leur sensibilit\u00e9.<\/p>\n<p>Pour appr\u00e9cier une \u0153uvre ou un spectacle, il ne doit pas forc\u00e9ment n\u00e9cessit\u00e9 d\u2019une d\u00e9marche intellectuelle. Le \u00ab\u00a0c\u00e9r\u00e9bral sensitif\u00a0\u00bb ne repr\u00e9sente pas le plus grand nombre.<\/p>\n<p>Pour r\u00e9aliser un acte artistique, il est n\u00e9cessaire d\u2019oublier le culturel.<\/p>\n<p>Le Collectif artistique EutectiC revendique le fait de partager un acte artistique avec tous, y compris\u00a0 ceux qui\u00a0 n\u2019ont pas les r\u00e9f\u00e9rences culturelles. La rue est donc de fait le lieu privil\u00e9gi\u00e9 pour aller \u00e0 la rencontre d\u2019un public qui ne sait pas qu\u2019il va devenir spectateur le temps d\u2019un po\u00e8me, le temps d\u2019un sourire.<\/p>\n<p>Sa volont\u00e9 est de privil\u00e9gier l\u2019artistique\u00a0dans la quotidiennet\u00e9\u00a0; \u00a0d\u2019investir l\u2019espace public \u00a0en multipliant les formes pour surprendre, \u00e9tonner, intriguer\u00a0;\u00a0 Apporter un d\u00e9calage artistique et favoriser l\u2019insolite pour faire fuir la routine.<\/p>\n<p>Aller dans l\u2019espace public, c\u2019est entretenir une culture commune \u00e0 tous.<\/p>\n<p>La\u00a0 vraie d\u00e9mocratisation de l\u2019art pour EutectiC, c\u2019est d\u2019aller directement du producteur au consommateur.<\/p>\n<p>Mais probl\u00e8me de financement\u00a0: qui paye\u00a0?<\/p>\n<p>Le consommateur\u00a0?<\/p>\n<p>Exemple des AMAP\u00a0: le consommateur s\u2019engage, d\u00e9cide et\u00a0 donc accepte de payer\u00a0 pour une meilleure qualit\u00e9 de produit . syst\u00e8me marchand<\/p>\n<p>Rien \u00e0 voir avec l\u2019art.<\/p>\n<ul>\n<li>en d\u00e9veloppant une rencontre ludique avec un rituel chaleureux, color\u00e9 permettant un partage, un engagement, une mise en risque. L\u2019artiste rel\u00e8ve un d\u00e9fi en proposant un choix important de po\u00e8mes.<\/li>\n<li>Ouverture de rideau\u00a0: Le parapluie, parasol ou ombrelle s\u2019ouvre et le temps s\u2019arr\u00eate le temps du po\u00e8me. Fermeture du rideau.<\/li>\n<\/ul>\n<p>&nbsp;<\/p>\n<p>&nbsp;<\/p>\n","protected":false},"excerpt":{"rendered":"<p>\u00c0 l\u2019heure o\u00f9 il est \u00ab\u00a0in\u00a0\u00bb de se revendiquer comme un \u00ab\u00a0collectif\u00a0\u00bb, EutectiC, collectif avant l\u2019heure et pr\u00e9curseur, continue de tracer sa route, avec le m\u00eame panache et un dessein immuable, \u00e0 savoir, de partager une \u00ab\u00a0politique artistique\u00a0\u00bb commune\u00a0: la po\u00e9sie et l\u2019imagination, \u00e0 la fois une po\u00e9tique et une esth\u00e9tique\u2026 Ces in\u00e9narrables conteurs p\u00e9tillants &hellip; <\/p>\n<p class=\"link-more\"><a href=\"https:\/\/eutectic.fr\/?page_id=451\" class=\"more-link\">Continuer la lecture<span class=\"screen-reader-text\"> de &laquo;&nbsp;EutectiC, la tactique des gens d\u2019\u00e2me\u2026&nbsp;&raquo;<\/span><\/a><\/p>\n","protected":false},"author":1,"featured_media":0,"parent":0,"menu_order":0,"comment_status":"closed","ping_status":"closed","template":"","meta":[],"_links":{"self":[{"href":"https:\/\/eutectic.fr\/index.php?rest_route=\/wp\/v2\/pages\/451"}],"collection":[{"href":"https:\/\/eutectic.fr\/index.php?rest_route=\/wp\/v2\/pages"}],"about":[{"href":"https:\/\/eutectic.fr\/index.php?rest_route=\/wp\/v2\/types\/page"}],"author":[{"embeddable":true,"href":"https:\/\/eutectic.fr\/index.php?rest_route=\/wp\/v2\/users\/1"}],"replies":[{"embeddable":true,"href":"https:\/\/eutectic.fr\/index.php?rest_route=%2Fwp%2Fv2%2Fcomments&post=451"}],"version-history":[{"count":0,"href":"https:\/\/eutectic.fr\/index.php?rest_route=\/wp\/v2\/pages\/451\/revisions"}],"wp:attachment":[{"href":"https:\/\/eutectic.fr\/index.php?rest_route=%2Fwp%2Fv2%2Fmedia&parent=451"}],"curies":[{"name":"wp","href":"https:\/\/api.w.org\/{rel}","templated":true}]}}