{"id":329,"date":"2018-02-27T21:20:37","date_gmt":"2018-02-27T20:20:37","guid":{"rendered":"http:\/\/eutectic.fr\/?page_id=329"},"modified":"2018-02-27T21:32:18","modified_gmt":"2018-02-27T20:32:18","slug":"crottes-de-biques-et-prout-a-ressorts","status":"publish","type":"page","link":"https:\/\/eutectic.fr\/?page_id=329","title":{"rendered":"Crottes de biques et prout \u00e0 ressorts"},"content":{"rendered":"<h4>Une oiselle est amoureuse du fils du roi, elle lui tourne autour, le caresse du bout de ses ailes, l\u2019effleure du bout de ses plumes\u2026<br \/>\nIl dit\u00a0:<\/h4>\n<h4>&#8211; Les filles, je n\u2019aime pas, alors je ne les regarde pas<\/h4>\n<h4>Va-t\u2019elle parvenir \u00e0 ses fins\u00a0?<\/h4>\n<p>Des contes pour croquer ou pour \u00eatre croqu\u00e9s<br \/>\nLe tout parsem\u00e9 de sucreries po\u00e9tiques tir\u00e9es au sort.<\/p>\n<p>Attention\u00a0:<br \/>\nIl se pourrait bien qu\u2019il y ait du loup dans le menu\u00a0!<\/p>\n<p>Age\u00a0: \u00e0 partir de 5 ans<\/p>\n","protected":false},"excerpt":{"rendered":"<p>Une oiselle est amoureuse du fils du roi, elle lui tourne autour, le caresse du bout de ses ailes, l\u2019effleure du bout de ses plumes\u2026 Il dit\u00a0: &#8211; Les filles, je n\u2019aime pas, alors je ne les regarde pas Va-t\u2019elle parvenir \u00e0 ses fins\u00a0? Des contes pour croquer ou pour \u00eatre croqu\u00e9s Le tout parsem\u00e9 &hellip; <\/p>\n<p class=\"link-more\"><a href=\"https:\/\/eutectic.fr\/?page_id=329\" class=\"more-link\">Continuer la lecture<span class=\"screen-reader-text\"> de &laquo;&nbsp;Crottes de biques et prout \u00e0 ressorts&nbsp;&raquo;<\/span><\/a><\/p>\n","protected":false},"author":1,"featured_media":0,"parent":0,"menu_order":0,"comment_status":"closed","ping_status":"closed","template":"","meta":[],"_links":{"self":[{"href":"https:\/\/eutectic.fr\/index.php?rest_route=\/wp\/v2\/pages\/329"}],"collection":[{"href":"https:\/\/eutectic.fr\/index.php?rest_route=\/wp\/v2\/pages"}],"about":[{"href":"https:\/\/eutectic.fr\/index.php?rest_route=\/wp\/v2\/types\/page"}],"author":[{"embeddable":true,"href":"https:\/\/eutectic.fr\/index.php?rest_route=\/wp\/v2\/users\/1"}],"replies":[{"embeddable":true,"href":"https:\/\/eutectic.fr\/index.php?rest_route=%2Fwp%2Fv2%2Fcomments&post=329"}],"version-history":[{"count":0,"href":"https:\/\/eutectic.fr\/index.php?rest_route=\/wp\/v2\/pages\/329\/revisions"}],"wp:attachment":[{"href":"https:\/\/eutectic.fr\/index.php?rest_route=%2Fwp%2Fv2%2Fmedia&parent=329"}],"curies":[{"name":"wp","href":"https:\/\/api.w.org\/{rel}","templated":true}]}}