{"id":316,"date":"2018-02-27T19:31:43","date_gmt":"2018-02-27T18:31:43","guid":{"rendered":"http:\/\/eutectic.fr\/?page_id=316"},"modified":"2018-03-01T19:12:02","modified_gmt":"2018-03-01T18:12:02","slug":"cest-lautomne-vive-le-chou","status":"publish","type":"page","link":"https:\/\/eutectic.fr\/?page_id=316","title":{"rendered":"C\u2019est l\u2019automne, vive le chou !"},"content":{"rendered":"<p>Oui mais pour nos petits estomacs contemporains, quand tu ne sais plus si c\u2019est du lard ou du cochon, tu d\u00e9gustes !<\/p>\n<h6>Au moment o\u00f9, combl\u00e9e de bonheur, elle se penche pour poser le plat, un pet s\u2019\u00e9chappe d\u2019elle\u00a0!<\/h6>\n<h6 style=\"padding-left: 30px;\">&#8211; Ciel, dit-elle, devant le d\u00e9put\u00e9\u00a0! Oh Terre, ouvre-toi et avale-moi\u00a0!<\/h6>\n<h6>Va-t\u2019elle \u00eatre \u00e9cout\u00e9e\u00a0?<\/h6>\n<p>Soir\u00e9e compos\u00e9e avec de l\u2019humour et un soup\u00e7on de vinaigre. Juste ce qu\u2019il faut d\u2019acidit\u00e9 pour titiller les papilles et donner envie d\u2019en reprendre un peu\u00a0!<\/p>\n<p>Dessert\u00a0: du Pr\u00e9vert.<\/p>\n<p>Age\u00a0: \u00e0 partir de 10 ans<\/p>\n<div id='gallery-1' class='gallery galleryid-316 gallery-columns-3 gallery-size-thumbnail'><figure class='gallery-item'>\n\t\t\t<div class='gallery-icon landscape'>\n\t\t\t\t<a href='https:\/\/eutectic.fr\/?attachment_id=405'><img width=\"150\" height=\"150\" src=\"https:\/\/eutectic.fr\/wp-content\/uploads\/2018\/03\/40-150x150.jpg\" class=\"attachment-thumbnail size-thumbnail\" alt=\"\" decoding=\"async\" loading=\"lazy\" srcset=\"https:\/\/eutectic.fr\/wp-content\/uploads\/2018\/03\/40-150x150.jpg 150w, https:\/\/eutectic.fr\/wp-content\/uploads\/2018\/03\/40-100x100.jpg 100w\" sizes=\"100vw\" \/><\/a>\n\t\t\t<\/div><\/figure><figure class='gallery-item'>\n\t\t\t<div class='gallery-icon landscape'>\n\t\t\t\t<a href='https:\/\/eutectic.fr\/?attachment_id=407'><img width=\"150\" height=\"150\" src=\"https:\/\/eutectic.fr\/wp-content\/uploads\/2018\/03\/SAM_3516-150x150.jpg\" class=\"attachment-thumbnail size-thumbnail\" alt=\"\" decoding=\"async\" loading=\"lazy\" srcset=\"https:\/\/eutectic.fr\/wp-content\/uploads\/2018\/03\/SAM_3516-150x150.jpg 150w, https:\/\/eutectic.fr\/wp-content\/uploads\/2018\/03\/SAM_3516-100x100.jpg 100w\" sizes=\"100vw\" \/><\/a>\n\t\t\t<\/div><\/figure><figure class='gallery-item'>\n\t\t\t<div class='gallery-icon landscape'>\n\t\t\t\t<a href='https:\/\/eutectic.fr\/?attachment_id=408'><img width=\"150\" height=\"150\" src=\"https:\/\/eutectic.fr\/wp-content\/uploads\/2018\/03\/16-150x150.jpg\" class=\"attachment-thumbnail size-thumbnail\" alt=\"\" decoding=\"async\" loading=\"lazy\" srcset=\"https:\/\/eutectic.fr\/wp-content\/uploads\/2018\/03\/16-150x150.jpg 150w, https:\/\/eutectic.fr\/wp-content\/uploads\/2018\/03\/16-100x100.jpg 100w\" sizes=\"100vw\" \/><\/a>\n\t\t\t<\/div><\/figure><figure class='gallery-item'>\n\t\t\t<div class='gallery-icon landscape'>\n\t\t\t\t<a href='https:\/\/eutectic.fr\/?attachment_id=409'><img width=\"150\" height=\"150\" src=\"https:\/\/eutectic.fr\/wp-content\/uploads\/2018\/03\/18-150x150.jpg\" class=\"attachment-thumbnail size-thumbnail\" alt=\"\" decoding=\"async\" loading=\"lazy\" srcset=\"https:\/\/eutectic.fr\/wp-content\/uploads\/2018\/03\/18-150x150.jpg 150w, https:\/\/eutectic.fr\/wp-content\/uploads\/2018\/03\/18-100x100.jpg 100w\" sizes=\"100vw\" \/><\/a>\n\t\t\t<\/div><\/figure><figure class='gallery-item'>\n\t\t\t<div class='gallery-icon portrait'>\n\t\t\t\t<a href='https:\/\/eutectic.fr\/?attachment_id=410'><img width=\"150\" height=\"150\" src=\"https:\/\/eutectic.fr\/wp-content\/uploads\/2018\/03\/20-150x150.jpg\" class=\"attachment-thumbnail size-thumbnail\" alt=\"\" decoding=\"async\" loading=\"lazy\" srcset=\"https:\/\/eutectic.fr\/wp-content\/uploads\/2018\/03\/20-150x150.jpg 150w, https:\/\/eutectic.fr\/wp-content\/uploads\/2018\/03\/20-100x100.jpg 100w\" sizes=\"100vw\" \/><\/a>\n\t\t\t<\/div><\/figure><figure class='gallery-item'>\n\t\t\t<div class='gallery-icon landscape'>\n\t\t\t\t<a href='https:\/\/eutectic.fr\/?attachment_id=411'><img width=\"150\" height=\"150\" src=\"https:\/\/eutectic.fr\/wp-content\/uploads\/2018\/03\/23-150x150.jpg\" class=\"attachment-thumbnail size-thumbnail\" alt=\"\" decoding=\"async\" loading=\"lazy\" srcset=\"https:\/\/eutectic.fr\/wp-content\/uploads\/2018\/03\/23-150x150.jpg 150w, https:\/\/eutectic.fr\/wp-content\/uploads\/2018\/03\/23-100x100.jpg 100w\" sizes=\"100vw\" \/><\/a>\n\t\t\t<\/div><\/figure><figure class='gallery-item'>\n\t\t\t<div class='gallery-icon landscape'>\n\t\t\t\t<a href='https:\/\/eutectic.fr\/?attachment_id=412'><img width=\"150\" height=\"150\" src=\"https:\/\/eutectic.fr\/wp-content\/uploads\/2018\/03\/27-150x150.jpg\" class=\"attachment-thumbnail size-thumbnail\" alt=\"\" decoding=\"async\" loading=\"lazy\" srcset=\"https:\/\/eutectic.fr\/wp-content\/uploads\/2018\/03\/27-150x150.jpg 150w, https:\/\/eutectic.fr\/wp-content\/uploads\/2018\/03\/27-100x100.jpg 100w\" sizes=\"100vw\" \/><\/a>\n\t\t\t<\/div><\/figure><figure class='gallery-item'>\n\t\t\t<div class='gallery-icon landscape'>\n\t\t\t\t<a href='https:\/\/eutectic.fr\/?attachment_id=413'><img width=\"150\" height=\"150\" src=\"https:\/\/eutectic.fr\/wp-content\/uploads\/2018\/03\/29-150x150.jpg\" class=\"attachment-thumbnail size-thumbnail\" alt=\"\" decoding=\"async\" loading=\"lazy\" srcset=\"https:\/\/eutectic.fr\/wp-content\/uploads\/2018\/03\/29-150x150.jpg 150w, https:\/\/eutectic.fr\/wp-content\/uploads\/2018\/03\/29-100x100.jpg 100w\" sizes=\"100vw\" \/><\/a>\n\t\t\t<\/div><\/figure><figure class='gallery-item'>\n\t\t\t<div class='gallery-icon portrait'>\n\t\t\t\t<a href='https:\/\/eutectic.fr\/?attachment_id=414'><img width=\"150\" height=\"150\" src=\"https:\/\/eutectic.fr\/wp-content\/uploads\/2018\/03\/30-150x150.jpg\" class=\"attachment-thumbnail size-thumbnail\" alt=\"\" decoding=\"async\" loading=\"lazy\" srcset=\"https:\/\/eutectic.fr\/wp-content\/uploads\/2018\/03\/30-150x150.jpg 150w, https:\/\/eutectic.fr\/wp-content\/uploads\/2018\/03\/30-100x100.jpg 100w\" sizes=\"100vw\" \/><\/a>\n\t\t\t<\/div><\/figure><figure class='gallery-item'>\n\t\t\t<div class='gallery-icon portrait'>\n\t\t\t\t<a href='https:\/\/eutectic.fr\/?attachment_id=415'><img width=\"150\" height=\"150\" src=\"https:\/\/eutectic.fr\/wp-content\/uploads\/2018\/03\/32-150x150.jpg\" class=\"attachment-thumbnail size-thumbnail\" alt=\"\" decoding=\"async\" loading=\"lazy\" srcset=\"https:\/\/eutectic.fr\/wp-content\/uploads\/2018\/03\/32-150x150.jpg 150w, https:\/\/eutectic.fr\/wp-content\/uploads\/2018\/03\/32-100x100.jpg 100w\" sizes=\"100vw\" \/><\/a>\n\t\t\t<\/div><\/figure><figure class='gallery-item'>\n\t\t\t<div class='gallery-icon landscape'>\n\t\t\t\t<a href='https:\/\/eutectic.fr\/?attachment_id=416'><img width=\"150\" height=\"150\" src=\"https:\/\/eutectic.fr\/wp-content\/uploads\/2018\/03\/33-150x150.jpg\" class=\"attachment-thumbnail size-thumbnail\" alt=\"\" decoding=\"async\" loading=\"lazy\" srcset=\"https:\/\/eutectic.fr\/wp-content\/uploads\/2018\/03\/33-150x150.jpg 150w, https:\/\/eutectic.fr\/wp-content\/uploads\/2018\/03\/33-100x100.jpg 100w\" sizes=\"100vw\" \/><\/a>\n\t\t\t<\/div><\/figure><figure class='gallery-item'>\n\t\t\t<div class='gallery-icon portrait'>\n\t\t\t\t<a href='https:\/\/eutectic.fr\/?attachment_id=417'><img width=\"150\" height=\"150\" src=\"https:\/\/eutectic.fr\/wp-content\/uploads\/2018\/03\/34-150x150.jpg\" class=\"attachment-thumbnail size-thumbnail\" alt=\"\" decoding=\"async\" loading=\"lazy\" srcset=\"https:\/\/eutectic.fr\/wp-content\/uploads\/2018\/03\/34-150x150.jpg 150w, https:\/\/eutectic.fr\/wp-content\/uploads\/2018\/03\/34-100x100.jpg 100w\" sizes=\"100vw\" \/><\/a>\n\t\t\t<\/div><\/figure>\n\t\t<\/div>\n\n","protected":false},"excerpt":{"rendered":"<p>Oui mais pour nos petits estomacs contemporains, quand tu ne sais plus si c\u2019est du lard ou du cochon, tu d\u00e9gustes ! Au moment o\u00f9, combl\u00e9e de bonheur, elle se penche pour poser le plat, un pet s\u2019\u00e9chappe d\u2019elle\u00a0! &#8211; Ciel, dit-elle, devant le d\u00e9put\u00e9\u00a0! Oh Terre, ouvre-toi et avale-moi\u00a0! Va-t\u2019elle \u00eatre \u00e9cout\u00e9e\u00a0? Soir\u00e9e compos\u00e9e &hellip; <\/p>\n<p class=\"link-more\"><a href=\"https:\/\/eutectic.fr\/?page_id=316\" class=\"more-link\">Continuer la lecture<span class=\"screen-reader-text\"> de &laquo;&nbsp;C\u2019est l\u2019automne, vive le chou !&nbsp;&raquo;<\/span><\/a><\/p>\n","protected":false},"author":1,"featured_media":406,"parent":0,"menu_order":0,"comment_status":"closed","ping_status":"closed","template":"","meta":[],"_links":{"self":[{"href":"https:\/\/eutectic.fr\/index.php?rest_route=\/wp\/v2\/pages\/316"}],"collection":[{"href":"https:\/\/eutectic.fr\/index.php?rest_route=\/wp\/v2\/pages"}],"about":[{"href":"https:\/\/eutectic.fr\/index.php?rest_route=\/wp\/v2\/types\/page"}],"author":[{"embeddable":true,"href":"https:\/\/eutectic.fr\/index.php?rest_route=\/wp\/v2\/users\/1"}],"replies":[{"embeddable":true,"href":"https:\/\/eutectic.fr\/index.php?rest_route=%2Fwp%2Fv2%2Fcomments&post=316"}],"version-history":[{"count":0,"href":"https:\/\/eutectic.fr\/index.php?rest_route=\/wp\/v2\/pages\/316\/revisions"}],"wp:featuredmedia":[{"embeddable":true,"href":"https:\/\/eutectic.fr\/index.php?rest_route=\/wp\/v2\/media\/406"}],"wp:attachment":[{"href":"https:\/\/eutectic.fr\/index.php?rest_route=%2Fwp%2Fv2%2Fmedia&parent=316"}],"curies":[{"name":"wp","href":"https:\/\/api.w.org\/{rel}","templated":true}]}}