{"id":186,"date":"2018-02-23T16:25:06","date_gmt":"2018-02-23T15:25:06","guid":{"rendered":"http:\/\/eutectic.fr\/?page_id=186"},"modified":"2024-02-04T18:07:04","modified_gmt":"2024-02-04T17:07:04","slug":"raynald-flory","status":"publish","type":"page","link":"https:\/\/eutectic.fr\/?page_id=186","title":{"rendered":"Raynald Flory"},"content":{"rendered":"<p><img decoding=\"async\" loading=\"lazy\" class=\"size-medium wp-image-622\" src=\"http:\/\/eutectic.fr\/wp-content\/uploads\/2018\/04\/artiste-RF-visuel-site-300x300.jpg\" alt=\"\" width=\"300\" height=\"300\" \/><\/p>\n<p>Apr\u00e8s de nombreuses ann\u00e9es de pratique de th\u00e9\u00e2tre amateur, il se forme aux cours de l\u2019Atelier Charles Dullin (Paris) pendant deux ans. Il \u00e9largit ses approches de la sc\u00e8ne par des rencontres lors de stages de formation (Le jeu et l\u2019acteur avec Lucien Marchal, la danse contemporaine avec Herv\u00e9 Diasnas, la <em>commedia dell\u2019arte<\/em> avec Carlo Boso\u2026)<\/p>\n<p>Com\u00e9dien puis metteur en sc\u00e8ne, il porte un questionnement sur l\u2019espace de jeu et son rapport au public (sortir du cadre, chercher la proximit\u00e9, provoquer un rapport intime avec le spectateur). Cette recherche l\u2019a amen\u00e9 \u00e0 centrer son travail de plus en plus sur le \u00ab\u00a0dire\u00a0\u00bb, porter la parole le plus simplement possible, trouver l\u2019\u00e9change dans l\u2019\u00e9motion du verbe.<\/p>\n<p>C&rsquo;est avec \u00ab\u00a0Les hommes en Bleu\u00a0\u00bb, ouvriers du verbe, que la po\u00e9sie devient son principal outil.<\/p>\n","protected":false},"excerpt":{"rendered":"<p>Apr\u00e8s de nombreuses ann\u00e9es de pratique de th\u00e9\u00e2tre amateur, il se forme aux cours de l\u2019Atelier Charles Dullin (Paris) pendant deux ans. Il \u00e9largit ses approches de la sc\u00e8ne par des rencontres lors de stages de formation (Le jeu et l\u2019acteur avec Lucien Marchal, la danse contemporaine avec Herv\u00e9 Diasnas, la commedia dell\u2019arte avec Carlo &hellip; <\/p>\n<p class=\"link-more\"><a href=\"https:\/\/eutectic.fr\/?page_id=186\" class=\"more-link\">Continuer la lecture<span class=\"screen-reader-text\"> de &laquo;&nbsp;Raynald Flory&nbsp;&raquo;<\/span><\/a><\/p>\n","protected":false},"author":1,"featured_media":0,"parent":0,"menu_order":0,"comment_status":"closed","ping_status":"closed","template":"","meta":[],"_links":{"self":[{"href":"https:\/\/eutectic.fr\/index.php?rest_route=\/wp\/v2\/pages\/186"}],"collection":[{"href":"https:\/\/eutectic.fr\/index.php?rest_route=\/wp\/v2\/pages"}],"about":[{"href":"https:\/\/eutectic.fr\/index.php?rest_route=\/wp\/v2\/types\/page"}],"author":[{"embeddable":true,"href":"https:\/\/eutectic.fr\/index.php?rest_route=\/wp\/v2\/users\/1"}],"replies":[{"embeddable":true,"href":"https:\/\/eutectic.fr\/index.php?rest_route=%2Fwp%2Fv2%2Fcomments&post=186"}],"version-history":[{"count":2,"href":"https:\/\/eutectic.fr\/index.php?rest_route=\/wp\/v2\/pages\/186\/revisions"}],"predecessor-version":[{"id":1592,"href":"https:\/\/eutectic.fr\/index.php?rest_route=\/wp\/v2\/pages\/186\/revisions\/1592"}],"wp:attachment":[{"href":"https:\/\/eutectic.fr\/index.php?rest_route=%2Fwp%2Fv2%2Fmedia&parent=186"}],"curies":[{"name":"wp","href":"https:\/\/api.w.org\/{rel}","templated":true}]}}