{"id":158,"date":"2018-02-23T15:41:19","date_gmt":"2018-02-23T14:41:19","guid":{"rendered":"http:\/\/eutectic.fr\/?page_id=158"},"modified":"2018-04-15T10:56:30","modified_gmt":"2018-04-15T08:56:30","slug":"il-etait-une-fleur-2","status":"publish","type":"page","link":"https:\/\/eutectic.fr\/?page_id=158","title":{"rendered":"Il \u00e9tait une fleur&#8230;"},"content":{"rendered":"<p><img decoding=\"async\" loading=\"lazy\" class=\"alignnone wp-image-759 size-full\" src=\"http:\/\/eutectic.fr\/wp-content\/uploads\/2018\/04\/recto-8-e1523782298538.jpg\" alt=\"\" width=\"1000\" height=\"961\" \/><\/p>\n<p><img decoding=\"async\" loading=\"lazy\" class=\"alignnone wp-image-271 size-full\" src=\"http:\/\/eutectic.fr\/wp-content\/uploads\/2018\/02\/une-fleur-e1523781671977.jpg\" alt=\"\" width=\"707\" height=\"678\" srcset=\"https:\/\/eutectic.fr\/wp-content\/uploads\/2018\/02\/une-fleur-e1523781671977.jpg 707w, https:\/\/eutectic.fr\/wp-content\/uploads\/2018\/02\/une-fleur-e1523781671977-300x288.jpg 300w, https:\/\/eutectic.fr\/wp-content\/uploads\/2018\/02\/une-fleur-e1523781671977-600x575.jpg 600w\" sizes=\"(max-width: 707px) 100vw, 707px\" \/><\/p>\n<p><span class=\"yui3-htmleditorwidget-content\">Contes \u00e0 partir de 6 ans<\/span><\/p>\n<p>&nbsp;<\/p>\n<p><a href=\"http:\/\/eutectic.fr\/wp-content\/uploads\/2018\/02\/une-fleur.pdf\">T\u00e9l\u00e9charger le flyer<\/a><\/p>\n<p>&nbsp;<\/p>\n","protected":false},"excerpt":{"rendered":"<p>Contes \u00e0 partir de 6 ans &nbsp; T\u00e9l\u00e9charger le flyer &nbsp;<\/p>\n","protected":false},"author":1,"featured_media":0,"parent":0,"menu_order":0,"comment_status":"closed","ping_status":"closed","template":"","meta":[],"_links":{"self":[{"href":"https:\/\/eutectic.fr\/index.php?rest_route=\/wp\/v2\/pages\/158"}],"collection":[{"href":"https:\/\/eutectic.fr\/index.php?rest_route=\/wp\/v2\/pages"}],"about":[{"href":"https:\/\/eutectic.fr\/index.php?rest_route=\/wp\/v2\/types\/page"}],"author":[{"embeddable":true,"href":"https:\/\/eutectic.fr\/index.php?rest_route=\/wp\/v2\/users\/1"}],"replies":[{"embeddable":true,"href":"https:\/\/eutectic.fr\/index.php?rest_route=%2Fwp%2Fv2%2Fcomments&post=158"}],"version-history":[{"count":0,"href":"https:\/\/eutectic.fr\/index.php?rest_route=\/wp\/v2\/pages\/158\/revisions"}],"wp:attachment":[{"href":"https:\/\/eutectic.fr\/index.php?rest_route=%2Fwp%2Fv2%2Fmedia&parent=158"}],"curies":[{"name":"wp","href":"https:\/\/api.w.org\/{rel}","templated":true}]}}