{"id":1571,"date":"2024-01-25T17:52:30","date_gmt":"2024-01-25T16:52:30","guid":{"rendered":"https:\/\/eutectic.fr\/?page_id=1571"},"modified":"2024-02-04T18:04:25","modified_gmt":"2024-02-04T17:04:25","slug":"caroline-chaudre-2","status":"publish","type":"page","link":"https:\/\/eutectic.fr\/?page_id=1571","title":{"rendered":"Caroline Chaudr\u00e9"},"content":{"rendered":"\n<figure class=\"wp-block-image size-full\"><img decoding=\"async\" loading=\"lazy\" width=\"283\" height=\"283\" src=\"https:\/\/eutectic.fr\/wp-content\/uploads\/2024\/02\/Caroline-Chaudre-carre.jpg\" alt=\"\" class=\"wp-image-1579\" srcset=\"https:\/\/eutectic.fr\/wp-content\/uploads\/2024\/02\/Caroline-Chaudre-carre.jpg 283w, https:\/\/eutectic.fr\/wp-content\/uploads\/2024\/02\/Caroline-Chaudre-carre-150x150.jpg 150w, https:\/\/eutectic.fr\/wp-content\/uploads\/2024\/02\/Caroline-Chaudre-carre-100x100.jpg 100w\" sizes=\"(max-width: 283px) 100vw, 283px\" \/><\/figure>\n\n\n\n<p>Com\u00e9dienne polymorphe, se jetant \u00e0 corps perdu dans chacune de ses cr\u00e9ations.<\/p>\n\n\n\n<p>D\u00e8s sa formation \u00e0 la Com\u00e9die de Reims sous la direction de Christian Schiaretti puis d&rsquo;Emmanuel Demarcy- Mota; Caroline Chaudr\u00e9 est envoy\u00e9e en Brigades d&rsquo;Intervention Po\u00e9tique dans les \u00e9coles et s&rsquo;incruste aux masterclass d&rsquo;Arpad Schilling, Christophe Lemaitre, Arnaud Meunier et Lionel Spycher.<\/p>\n\n\n\n<p>Revenue d&rsquo;un stage de danse en Gambie elle se met \u00e0 danser, entre autres sur le festival <em>Mouvements de Rue<\/em> (Sedan). Et cr\u00e9e avec Suzanne Cloutier le collectif <em>La Rivi\u00e8re qui Marche<\/em> dont les cr\u00e9ations m\u00ealent toujours th\u00e9\u00e2tre, mouvements et musique. Suite \u00e0 une formation \u00e0 la cr\u00e9ation petite enfance entre Reims, Montr\u00e9al et Charleroi, sort un spectacle pour enfants <em>Korokoro<\/em>, d&rsquo;apr\u00e8s le livre d&rsquo;Emilie Vast. Puis d&rsquo;autres pour les plus grands avec une pr\u00e9sence plastique de plus en plus grande, jusqu&rsquo;\u00e0 int\u00e9grer <em>Une Robe parachute<\/em> monumentale de la plasticienne Laure Guelle.<\/p>\n\n\n\n<p>Avec le collectif Eutectic et <em>Les hommes en bleu<\/em> elle porte la po\u00e9sie dans la rue, et des nouvelles de Maupassant un peu partout.<\/p>\n\n\n\n<p>Avec le Centre de cr\u00e9ation pour l&rsquo;enfance de Tinqueux et le collectif Ma-Th\u00e9\u00e2 elle intervient aupr\u00e8s des tout- petits dans une approche physique et sensible du jeu th\u00e9\u00e2tral, ou de la po\u00e9sie. Et tourne mondialement le spectacle <em>Coucou<\/em> cr\u00e9\u00e9 avec Lucie F\u00e9lix, ou le petit dernier Toc Toc Toc sorti dans le iN du festival international des th\u00e9\u00e2tres de marionnettes.<\/p>\n\n\n\n<p>Avec le collectif Sonopop\u00e9e, elle vibre et vient apporter sa voix aux interventions sonores les plus fantasques, comme le ballon de foot connect\u00e9 du <em>Sonosoccer<\/em> !<\/p>\n","protected":false},"excerpt":{"rendered":"<p>Com\u00e9dienne polymorphe, se jetant \u00e0 corps perdu dans chacune de ses cr\u00e9ations. D\u00e8s sa formation \u00e0 la Com\u00e9die de Reims sous la direction de Christian Schiaretti puis d&rsquo;Emmanuel Demarcy- Mota; Caroline Chaudr\u00e9 est envoy\u00e9e en Brigades d&rsquo;Intervention Po\u00e9tique dans les \u00e9coles et s&rsquo;incruste aux masterclass d&rsquo;Arpad Schilling, Christophe Lemaitre, Arnaud Meunier et Lionel Spycher. Revenue &hellip; <\/p>\n<p class=\"link-more\"><a href=\"https:\/\/eutectic.fr\/?page_id=1571\" class=\"more-link\">Continuer la lecture<span class=\"screen-reader-text\"> de &laquo;&nbsp;Caroline Chaudr\u00e9&nbsp;&raquo;<\/span><\/a><\/p>\n","protected":false},"author":1,"featured_media":0,"parent":0,"menu_order":0,"comment_status":"closed","ping_status":"closed","template":"","meta":[],"_links":{"self":[{"href":"https:\/\/eutectic.fr\/index.php?rest_route=\/wp\/v2\/pages\/1571"}],"collection":[{"href":"https:\/\/eutectic.fr\/index.php?rest_route=\/wp\/v2\/pages"}],"about":[{"href":"https:\/\/eutectic.fr\/index.php?rest_route=\/wp\/v2\/types\/page"}],"author":[{"embeddable":true,"href":"https:\/\/eutectic.fr\/index.php?rest_route=\/wp\/v2\/users\/1"}],"replies":[{"embeddable":true,"href":"https:\/\/eutectic.fr\/index.php?rest_route=%2Fwp%2Fv2%2Fcomments&post=1571"}],"version-history":[{"count":4,"href":"https:\/\/eutectic.fr\/index.php?rest_route=\/wp\/v2\/pages\/1571\/revisions"}],"predecessor-version":[{"id":1590,"href":"https:\/\/eutectic.fr\/index.php?rest_route=\/wp\/v2\/pages\/1571\/revisions\/1590"}],"wp:attachment":[{"href":"https:\/\/eutectic.fr\/index.php?rest_route=%2Fwp%2Fv2%2Fmedia&parent=1571"}],"curies":[{"name":"wp","href":"https:\/\/api.w.org\/{rel}","templated":true}]}}