{"id":126,"date":"2018-02-23T13:01:01","date_gmt":"2018-02-23T12:01:01","guid":{"rendered":"http:\/\/eutectic.fr\/?page_id=126"},"modified":"2018-04-30T15:45:30","modified_gmt":"2018-04-30T13:45:30","slug":"ecrits-de-tranchees","status":"publish","type":"page","link":"https:\/\/eutectic.fr\/?page_id=126","title":{"rendered":"\u00c9crits de tranch\u00e9es"},"content":{"rendered":"<div class=\"ob-section ob-section-text\">\n<div class=\"ob-text\">\n<h2>Spectacle de po\u00e9sie<\/h2>\n<p><img decoding=\"async\" loading=\"lazy\" class=\"size-medium wp-image-252 alignleft\" src=\"http:\/\/eutectic.fr\/wp-content\/uploads\/2018\/02\/crits-DT-dessin-photo-1-e1519464321848-198x300.jpg\" alt=\"\" width=\"198\" height=\"300\" \/><\/p>\n<p>Metteur en sc\u00e8ne : Raynald Flory<br \/>\nCom\u00e9dien : Pascal Th\u00e9tard<br \/>\nSc\u00e9nographe : Marie-Jos\u00e9 Solivellas<\/p>\n<p>\u00e0 partir de 12 ans<br \/>\ndur\u00e9e : 50 mn<\/p>\n<\/div>\n<\/div>\n<div class=\"ob-section ob-section-text\">\n<div class=\"ob-text\">\n<p>Avec des po\u00e8mes \u00e9crits dans les tranch\u00e9es par\u00a0Apollinaire, Linais, Owen et Sassoon (traduits de l\u2019anglais par Emmanuel Malherbet), Adler et Toller (traduits de l\u2019allemand par Jacques Demaude).<\/p>\n<p>Avec aussi un questionnement sur la guerre et un cri de col\u00e8re extraits du <em>Stabat Mater Furiosa<\/em> de Jean-pierre Sim\u00e9on.<\/p>\n<div id='gallery-1' class='gallery galleryid-126 gallery-columns-3 gallery-size-thumbnail'><figure class='gallery-item'>\n\t\t\t<div class='gallery-icon landscape'>\n\t\t\t\t<a href='https:\/\/eutectic.fr\/?attachment_id=65'><img width=\"150\" height=\"150\" src=\"https:\/\/eutectic.fr\/wp-content\/uploads\/2018\/02\/11-150x150.jpg\" class=\"attachment-thumbnail size-thumbnail\" alt=\"\" decoding=\"async\" loading=\"lazy\" srcset=\"https:\/\/eutectic.fr\/wp-content\/uploads\/2018\/02\/11-150x150.jpg 150w, https:\/\/eutectic.fr\/wp-content\/uploads\/2018\/02\/11-100x100.jpg 100w\" sizes=\"100vw\" \/><\/a>\n\t\t\t<\/div><\/figure><figure class='gallery-item'>\n\t\t\t<div class='gallery-icon portrait'>\n\t\t\t\t<a href='https:\/\/eutectic.fr\/?attachment_id=128'><img width=\"149\" height=\"150\" src=\"https:\/\/eutectic.fr\/wp-content\/uploads\/2018\/02\/16-149x150.jpg\" class=\"attachment-thumbnail size-thumbnail\" alt=\"\" decoding=\"async\" loading=\"lazy\" srcset=\"https:\/\/eutectic.fr\/wp-content\/uploads\/2018\/02\/16-149x150.jpg 149w, https:\/\/eutectic.fr\/wp-content\/uploads\/2018\/02\/16-100x100.jpg 100w\" sizes=\"100vw\" \/><\/a>\n\t\t\t<\/div><\/figure><figure class='gallery-item'>\n\t\t\t<div class='gallery-icon portrait'>\n\t\t\t\t<a href='https:\/\/eutectic.fr\/?attachment_id=127'><img width=\"149\" height=\"150\" src=\"https:\/\/eutectic.fr\/wp-content\/uploads\/2018\/02\/10-149x150.jpg\" class=\"attachment-thumbnail size-thumbnail\" alt=\"\" decoding=\"async\" loading=\"lazy\" srcset=\"https:\/\/eutectic.fr\/wp-content\/uploads\/2018\/02\/10-149x150.jpg 149w, https:\/\/eutectic.fr\/wp-content\/uploads\/2018\/02\/10-100x100.jpg 100w\" sizes=\"100vw\" \/><\/a>\n\t\t\t<\/div><\/figure>\n\t\t<\/div>\n\n<p><img decoding=\"async\" loading=\"lazy\" class=\"alignnone wp-image-130 size-full\" src=\"http:\/\/eutectic.fr\/wp-content\/uploads\/2018\/02\/ecrits-tranches.jpg\" alt=\"\" width=\"601\" height=\"632\" srcset=\"https:\/\/eutectic.fr\/wp-content\/uploads\/2018\/02\/ecrits-tranches.jpg 601w, https:\/\/eutectic.fr\/wp-content\/uploads\/2018\/02\/ecrits-tranches-285x300.jpg 285w\" sizes=\"(max-width: 601px) 100vw, 601px\" \/><\/p>\n<p><a href=\"http:\/\/eutectic.fr\/wp-content\/uploads\/2018\/02\/ecrits-tranches-1.pdf\" target=\"_blank\" rel=\"noopener\">T\u00e9l\u00e9charger le dossier<\/a> [pdf]<\/p>\n<\/div>\n<\/div>\n","protected":false},"excerpt":{"rendered":"<p>Spectacle de po\u00e9sie Metteur en sc\u00e8ne : Raynald Flory Com\u00e9dien : Pascal Th\u00e9tard Sc\u00e9nographe : Marie-Jos\u00e9 Solivellas \u00e0 partir de 12 ans dur\u00e9e : 50 mn Avec des po\u00e8mes \u00e9crits dans les tranch\u00e9es par\u00a0Apollinaire, Linais, Owen et Sassoon (traduits de l\u2019anglais par Emmanuel Malherbet), Adler et Toller (traduits de l\u2019allemand par Jacques Demaude). Avec aussi &hellip; <\/p>\n<p class=\"link-more\"><a href=\"https:\/\/eutectic.fr\/?page_id=126\" class=\"more-link\">Continuer la lecture<span class=\"screen-reader-text\"> de &laquo;&nbsp;\u00c9crits de tranch\u00e9es&nbsp;&raquo;<\/span><\/a><\/p>\n","protected":false},"author":1,"featured_media":0,"parent":0,"menu_order":0,"comment_status":"closed","ping_status":"closed","template":"","meta":[],"_links":{"self":[{"href":"https:\/\/eutectic.fr\/index.php?rest_route=\/wp\/v2\/pages\/126"}],"collection":[{"href":"https:\/\/eutectic.fr\/index.php?rest_route=\/wp\/v2\/pages"}],"about":[{"href":"https:\/\/eutectic.fr\/index.php?rest_route=\/wp\/v2\/types\/page"}],"author":[{"embeddable":true,"href":"https:\/\/eutectic.fr\/index.php?rest_route=\/wp\/v2\/users\/1"}],"replies":[{"embeddable":true,"href":"https:\/\/eutectic.fr\/index.php?rest_route=%2Fwp%2Fv2%2Fcomments&post=126"}],"version-history":[{"count":0,"href":"https:\/\/eutectic.fr\/index.php?rest_route=\/wp\/v2\/pages\/126\/revisions"}],"wp:attachment":[{"href":"https:\/\/eutectic.fr\/index.php?rest_route=%2Fwp%2Fv2%2Fmedia&parent=126"}],"curies":[{"name":"wp","href":"https:\/\/api.w.org\/{rel}","templated":true}]}}