{"id":1191,"date":"2018-10-10T16:44:49","date_gmt":"2018-10-10T14:44:49","guid":{"rendered":"http:\/\/eutectic.fr\/?page_id=1191"},"modified":"2018-10-10T16:52:18","modified_gmt":"2018-10-10T14:52:18","slug":"naissance-mythologie-grecque","status":"publish","type":"page","link":"https:\/\/eutectic.fr\/?page_id=1191","title":{"rendered":"naissance (mythologie grecque )"},"content":{"rendered":"<p>\u00e0 partir de 10 ans<\/p>\n<h3>Le plus beau des dieux na\u00eet sur un caillou d&rsquo;eau. Il rencontrera Daphn\u00e9.\u00a0 Le rus\u00e9 na\u00eet, court et vole les cinquante vaches de son demi-fr\u00e8re. Le cach\u00e9 na\u00eet des flammes et de la cuisse de son p\u00e8re.\u00a0 Le fils de roi na\u00eet et gagnera de l&rsquo;or et de longues oreilles.<\/h3>\n<p>Il s&rsquo;agit d&rsquo;apollon, d&rsquo;Herm\u00e8s, de Dionysos et de Midas. Je raconte leur naissance et quelques aventures \u00e0 partir des m\u00e9tamorphoses d&rsquo;Ovide et des hymnes hom\u00e9riques.<\/p>\n<p>dur\u00e9e : une heure<\/p>\n","protected":false},"excerpt":{"rendered":"<p>\u00e0 partir de 10 ans Le plus beau des dieux na\u00eet sur un caillou d&rsquo;eau. Il rencontrera Daphn\u00e9.\u00a0 Le rus\u00e9 na\u00eet, court et vole les cinquante vaches de son demi-fr\u00e8re. Le cach\u00e9 na\u00eet des flammes et de la cuisse de son p\u00e8re.\u00a0 Le fils de roi na\u00eet et gagnera de l&rsquo;or et de longues oreilles. &hellip; <\/p>\n<p class=\"link-more\"><a href=\"https:\/\/eutectic.fr\/?page_id=1191\" class=\"more-link\">Continuer la lecture<span class=\"screen-reader-text\"> de &laquo;&nbsp;naissance (mythologie grecque )&nbsp;&raquo;<\/span><\/a><\/p>\n","protected":false},"author":3,"featured_media":0,"parent":0,"menu_order":0,"comment_status":"closed","ping_status":"closed","template":"","meta":[],"_links":{"self":[{"href":"https:\/\/eutectic.fr\/index.php?rest_route=\/wp\/v2\/pages\/1191"}],"collection":[{"href":"https:\/\/eutectic.fr\/index.php?rest_route=\/wp\/v2\/pages"}],"about":[{"href":"https:\/\/eutectic.fr\/index.php?rest_route=\/wp\/v2\/types\/page"}],"author":[{"embeddable":true,"href":"https:\/\/eutectic.fr\/index.php?rest_route=\/wp\/v2\/users\/3"}],"replies":[{"embeddable":true,"href":"https:\/\/eutectic.fr\/index.php?rest_route=%2Fwp%2Fv2%2Fcomments&post=1191"}],"version-history":[{"count":0,"href":"https:\/\/eutectic.fr\/index.php?rest_route=\/wp\/v2\/pages\/1191\/revisions"}],"wp:attachment":[{"href":"https:\/\/eutectic.fr\/index.php?rest_route=%2Fwp%2Fv2%2Fmedia&parent=1191"}],"curies":[{"name":"wp","href":"https:\/\/api.w.org\/{rel}","templated":true}]}}