{"id":1168,"date":"2018-10-10T15:33:49","date_gmt":"2018-10-10T13:33:49","guid":{"rendered":"http:\/\/eutectic.fr\/?page_id=1168"},"modified":"2018-10-10T15:37:26","modified_gmt":"2018-10-10T13:37:26","slug":"les-bougons-de-noel","status":"publish","type":"page","link":"https:\/\/eutectic.fr\/?page_id=1168","title":{"rendered":"Les bougons de No\u00ebl"},"content":{"rendered":"<p>\u00e0 partir de 6 ans<\/p>\n<p>C&rsquo;est le soir du r\u00e9veillon, un vieux et sa vieille bougonnent. C&rsquo;est depuis le d\u00e9but de l&rsquo;ann\u00e9e qu&rsquo;ils bougonnent, depuis des ann\u00e9es et il n&rsquo;y a pas de raison que cela change..\u00a0\u00a0\u00a0\u00a0\u00a0\u00a0\u00a0\u00a0\u00a0\u00a0\u00a0\u00a0\u00a0\u00a0\u00a0\u00a0\u00a0\u00a0\u00a0\u00a0\u00a0\u00a0\u00a0\u00a0\u00a0\u00a0\u00a0\u00a0\u00a0\u00a0\u00a0\u00a0\u00a0\u00a0\u00a0\u00a0\u00a0\u00a0\u00a0\u00a0\u00a0\u00a0\u00a0\u00a0\u00a0\u00a0\u00a0\u00a0\u00a0\u00a0\u00a0\u00a0\u00a0\u00a0\u00a0\u00a0\u00a0\u00a0\u00a0\u00a0\u00a0\u00a0\u00a0\u00a0\u00a0\u00a0\u00a0\u00a0\u00a0\u00a0\u00a0\u00a0\u00a0\u00a0\u00a0\u00a0\u00a0\u00a0\u00a0\u00a0\u00a0\u00a0\u00a0\u00a0\u00a0\u00a0\u00a0\u00a0\u00a0\u00a0\u00a0\u00a0\u00a0\u00a0\u00a0\u00a0\u00a0\u00a0\u00a0\u00a0\u00a0\u00a0\u00a0\u00a0\u00a0\u00a0\u00a0\u00a0\u00a0\u00a0\u00a0\u00a0\u00a0\u00a0\u00a0\u00a0\u00a0 J&rsquo;avoue, je bougonnais parfois \u00e0 No\u00ebl. Et puis j&rsquo;ai rencontr\u00e9 ces vieux et depuis je bougonne avec humour. Dans cette racont\u00e9e, pas de\u00a0 p\u00e8re No\u00ebl ni de lutins mais un ours, des trolls, une chanson vol\u00e9e, trois v\u0153ux, des jumeaux pas pareils. Et des flocons de neige !<\/p>\n<p>Dur\u00e9e : une heure<\/p>\n","protected":false},"excerpt":{"rendered":"<p>\u00e0 partir de 6 ans C&rsquo;est le soir du r\u00e9veillon, un vieux et sa vieille bougonnent. C&rsquo;est depuis le d\u00e9but de l&rsquo;ann\u00e9e qu&rsquo;ils bougonnent, depuis des ann\u00e9es et il n&rsquo;y a pas de raison que cela change..\u00a0\u00a0\u00a0\u00a0\u00a0\u00a0\u00a0\u00a0\u00a0\u00a0\u00a0\u00a0\u00a0\u00a0\u00a0\u00a0\u00a0\u00a0\u00a0\u00a0\u00a0\u00a0\u00a0\u00a0\u00a0\u00a0\u00a0\u00a0\u00a0\u00a0\u00a0\u00a0\u00a0\u00a0\u00a0\u00a0\u00a0\u00a0\u00a0\u00a0\u00a0\u00a0\u00a0\u00a0\u00a0\u00a0\u00a0\u00a0\u00a0\u00a0\u00a0\u00a0\u00a0\u00a0\u00a0\u00a0\u00a0\u00a0\u00a0\u00a0\u00a0\u00a0\u00a0\u00a0\u00a0\u00a0\u00a0\u00a0\u00a0\u00a0\u00a0\u00a0\u00a0\u00a0\u00a0\u00a0\u00a0\u00a0\u00a0\u00a0\u00a0\u00a0\u00a0\u00a0\u00a0\u00a0\u00a0\u00a0\u00a0\u00a0\u00a0\u00a0\u00a0\u00a0\u00a0\u00a0\u00a0\u00a0\u00a0\u00a0\u00a0\u00a0\u00a0\u00a0\u00a0\u00a0\u00a0\u00a0\u00a0\u00a0\u00a0\u00a0\u00a0\u00a0\u00a0\u00a0\u00a0 J&rsquo;avoue, je bougonnais parfois \u00e0 No\u00ebl. Et puis j&rsquo;ai rencontr\u00e9 ces vieux et depuis je bougonne avec humour. &hellip; <\/p>\n<p class=\"link-more\"><a href=\"https:\/\/eutectic.fr\/?page_id=1168\" class=\"more-link\">Continuer la lecture<span class=\"screen-reader-text\"> de &laquo;&nbsp;Les bougons de No\u00ebl&nbsp;&raquo;<\/span><\/a><\/p>\n","protected":false},"author":3,"featured_media":0,"parent":0,"menu_order":0,"comment_status":"closed","ping_status":"closed","template":"","meta":[],"_links":{"self":[{"href":"https:\/\/eutectic.fr\/index.php?rest_route=\/wp\/v2\/pages\/1168"}],"collection":[{"href":"https:\/\/eutectic.fr\/index.php?rest_route=\/wp\/v2\/pages"}],"about":[{"href":"https:\/\/eutectic.fr\/index.php?rest_route=\/wp\/v2\/types\/page"}],"author":[{"embeddable":true,"href":"https:\/\/eutectic.fr\/index.php?rest_route=\/wp\/v2\/users\/3"}],"replies":[{"embeddable":true,"href":"https:\/\/eutectic.fr\/index.php?rest_route=%2Fwp%2Fv2%2Fcomments&post=1168"}],"version-history":[{"count":0,"href":"https:\/\/eutectic.fr\/index.php?rest_route=\/wp\/v2\/pages\/1168\/revisions"}],"wp:attachment":[{"href":"https:\/\/eutectic.fr\/index.php?rest_route=%2Fwp%2Fv2%2Fmedia&parent=1168"}],"curies":[{"name":"wp","href":"https:\/\/api.w.org\/{rel}","templated":true}]}}