{"id":1137,"date":"2018-10-05T16:45:34","date_gmt":"2018-10-05T14:45:34","guid":{"rendered":"http:\/\/eutectic.fr\/?page_id=1137"},"modified":"2018-10-10T15:18:23","modified_gmt":"2018-10-10T13:18:23","slug":"contes-japonais","status":"publish","type":"page","link":"https:\/\/eutectic.fr\/?page_id=1137","title":{"rendered":"Contes japonais"},"content":{"rendered":"<p><span style=\"color: #000080;\">Lune et pluie, l\u2019\u0153il de la vache rigole<\/span><\/p>\n<p>\u00e0 partir de 6 ans<\/p>\n<p>A la crois\u00e9e des chemins, quand le jour et la nuit se rencontrent, le renard se change en femme et attend le voyageur. Tsutsua prom\u00e8ne sa vache en homme heureux. Taro oublie tout en entendant le rossignol. Quelque part, une grenouille croasse une histoire&#8230;<\/p>\n<p>Cette racont\u00e9e chemine dans le Japon d&rsquo;autrefois, les jours deviennent des si\u00e8cles, le vent na\u00eet de l&rsquo;aile du papillon et le r\u00eave sauve du malheur.<\/p>\n<p>dur\u00e9e : de 45 mn \u00e0 &#8230;<\/p>\n<p><span style=\"color: #000080;\">Amours, Samoura\u00efs et Vagabonds<\/span><\/p>\n<p>pour adultes et adolescents<\/p>\n<p>Cette racont\u00e9e est celle de trois myst\u00e8res reli\u00e9s par un quatri\u00e8me : l&rsquo;amour, la vie, la mort et le japon d&rsquo;autrefois. Des myst\u00e8res que je touche du bout des doigts, qui prennent les formes de samoura\u00efs, de fant\u00f4mes, de paysans, de d\u00e9esses. Dans la nuit , un vagabond sous la lune tente d&rsquo;assassiner son destin&#8230;<\/p>\n<p>Je n&rsquo;ai pas le savoir de l&rsquo;expert mais l&rsquo;audace de l&rsquo;amoureux, une audace de mots doux ou tonnants pour faire partager ces histoires qui m&rsquo;attirent depuis mes d\u00e9buts de conteur.<\/p>\n<p>Dur\u00e9e : aux environs de l&rsquo;heure<\/p>\n<p>&nbsp;<\/p>\n<p>&nbsp;<\/p>\n","protected":false},"excerpt":{"rendered":"<p>Lune et pluie, l\u2019\u0153il de la vache rigole \u00e0 partir de 6 ans A la crois\u00e9e des chemins, quand le jour et la nuit se rencontrent, le renard se change en femme et attend le voyageur. Tsutsua prom\u00e8ne sa vache en homme heureux. Taro oublie tout en entendant le rossignol. Quelque part, une grenouille croasse &hellip; <\/p>\n<p class=\"link-more\"><a href=\"https:\/\/eutectic.fr\/?page_id=1137\" class=\"more-link\">Continuer la lecture<span class=\"screen-reader-text\"> de &laquo;&nbsp;Contes japonais&nbsp;&raquo;<\/span><\/a><\/p>\n","protected":false},"author":3,"featured_media":0,"parent":0,"menu_order":0,"comment_status":"closed","ping_status":"closed","template":"","meta":[],"_links":{"self":[{"href":"https:\/\/eutectic.fr\/index.php?rest_route=\/wp\/v2\/pages\/1137"}],"collection":[{"href":"https:\/\/eutectic.fr\/index.php?rest_route=\/wp\/v2\/pages"}],"about":[{"href":"https:\/\/eutectic.fr\/index.php?rest_route=\/wp\/v2\/types\/page"}],"author":[{"embeddable":true,"href":"https:\/\/eutectic.fr\/index.php?rest_route=\/wp\/v2\/users\/3"}],"replies":[{"embeddable":true,"href":"https:\/\/eutectic.fr\/index.php?rest_route=%2Fwp%2Fv2%2Fcomments&post=1137"}],"version-history":[{"count":0,"href":"https:\/\/eutectic.fr\/index.php?rest_route=\/wp\/v2\/pages\/1137\/revisions"}],"wp:attachment":[{"href":"https:\/\/eutectic.fr\/index.php?rest_route=%2Fwp%2Fv2%2Fmedia&parent=1137"}],"curies":[{"name":"wp","href":"https:\/\/api.w.org\/{rel}","templated":true}]}}