{"id":11,"date":"2018-02-22T18:38:20","date_gmt":"2018-02-22T17:38:20","guid":{"rendered":"http:\/\/eutectic.fr\/?page_id=11"},"modified":"2024-02-04T18:00:38","modified_gmt":"2024-02-04T17:00:38","slug":"une-section-de-page-daccueil","status":"publish","type":"page","link":"https:\/\/eutectic.fr\/","title":{"rendered":"Pr\u00e9sentation"},"content":{"rendered":"\n<div class=\"wp-block-group is-nowrap is-layout-flex wp-container-1\">\n<figure class=\"wp-block-image is-resized\"><a href=\"http:\/\/eutectic.fr\/?page_id=170\"><img decoding=\"async\" loading=\"lazy\" src=\"https:\/\/eutectic.fr\/wp-content\/uploads\/2018\/04\/05-e1523039685182.jpg\" alt=\"\" class=\"wp-image-694\" width=\"104\" height=\"104\"\/><\/a><figcaption class=\"wp-element-caption\">Pascal <br>Th\u00e9tard<\/figcaption><\/figure>\n\n\n\n<figure class=\"wp-block-image is-resized\"><a href=\"http:\/\/eutectic.fr\/?page_id=176\"><img decoding=\"async\" loading=\"lazy\" src=\"https:\/\/eutectic.fr\/wp-content\/uploads\/2018\/04\/04-e1523039646157.jpg\" alt=\"\" class=\"wp-image-698\" width=\"104\" height=\"104\"\/><\/a><figcaption class=\"wp-element-caption\">Pascal <br>Salzard<\/figcaption><\/figure>\n\n\n\n<figure class=\"wp-block-image is-resized\"><a href=\"http:\/\/eutectic.fr\/?page_id=180\"><img decoding=\"async\" loading=\"lazy\" src=\"https:\/\/eutectic.fr\/wp-content\/uploads\/2023\/12\/MJS-carre16x16-scaled.jpg\" alt=\"\" class=\"wp-image-1539\" width=\"104\" height=\"104\" srcset=\"https:\/\/eutectic.fr\/wp-content\/uploads\/2023\/12\/MJS-carre16x16-scaled.jpg 2560w, https:\/\/eutectic.fr\/wp-content\/uploads\/2023\/12\/MJS-carre16x16-300x300.jpg 300w, https:\/\/eutectic.fr\/wp-content\/uploads\/2023\/12\/MJS-carre16x16-1024x1024.jpg 1024w, https:\/\/eutectic.fr\/wp-content\/uploads\/2023\/12\/MJS-carre16x16-150x150.jpg 150w, https:\/\/eutectic.fr\/wp-content\/uploads\/2023\/12\/MJS-carre16x16-768x768.jpg 768w, https:\/\/eutectic.fr\/wp-content\/uploads\/2023\/12\/MJS-carre16x16-600x600.jpg 600w, https:\/\/eutectic.fr\/wp-content\/uploads\/2023\/12\/MJS-carre16x16-1536x1536.jpg 1536w, https:\/\/eutectic.fr\/wp-content\/uploads\/2023\/12\/MJS-carre16x16-2048x2048.jpg 2048w, https:\/\/eutectic.fr\/wp-content\/uploads\/2023\/12\/MJS-carre16x16-100x100.jpg 100w\" sizes=\"(max-width: 104px) 100vw, 104px\" \/><\/a><figcaption class=\"wp-element-caption\">Marie-Jos\u00e9 <br>Solivellas<\/figcaption><\/figure>\n\n\n\n<figure class=\"wp-block-image is-resized\"><a href=\"http:\/\/eutectic.fr\/?page_id=186\"><img decoding=\"async\" loading=\"lazy\" src=\"https:\/\/eutectic.fr\/wp-content\/uploads\/2018\/04\/artiste-RF-visuel-site-e1523045465105.jpg\" alt=\"\" class=\"wp-image-622\" width=\"104\" height=\"104\"\/><\/a><figcaption class=\"wp-element-caption\">Raynald <br>Flory <\/figcaption><\/figure>\n\n\n\n<figure class=\"wp-block-image is-resized\"><a href=\"http:\/\/eutectic.fr\/?page_id=713\"><img decoding=\"async\" loading=\"lazy\" src=\"https:\/\/eutectic.fr\/wp-content\/uploads\/2023\/12\/celine-carre16x16-scaled.jpg\" alt=\"\" class=\"wp-image-1535\" width=\"104\" height=\"104\" srcset=\"https:\/\/eutectic.fr\/wp-content\/uploads\/2023\/12\/celine-carre16x16-scaled.jpg 2560w, https:\/\/eutectic.fr\/wp-content\/uploads\/2023\/12\/celine-carre16x16-300x300.jpg 300w, https:\/\/eutectic.fr\/wp-content\/uploads\/2023\/12\/celine-carre16x16-1024x1021.jpg 1024w, https:\/\/eutectic.fr\/wp-content\/uploads\/2023\/12\/celine-carre16x16-150x150.jpg 150w, https:\/\/eutectic.fr\/wp-content\/uploads\/2023\/12\/celine-carre16x16-768x766.jpg 768w, https:\/\/eutectic.fr\/wp-content\/uploads\/2023\/12\/celine-carre16x16-600x598.jpg 600w, https:\/\/eutectic.fr\/wp-content\/uploads\/2023\/12\/celine-carre16x16-1536x1531.jpg 1536w, https:\/\/eutectic.fr\/wp-content\/uploads\/2023\/12\/celine-carre16x16-2048x2042.jpg 2048w, https:\/\/eutectic.fr\/wp-content\/uploads\/2023\/12\/celine-carre16x16-100x100.jpg 100w\" sizes=\"(max-width: 104px) 100vw, 104px\" \/><\/a><figcaption class=\"wp-element-caption\">C\u00e9line Bardin <br>(artiste associ\u00e9e)<\/figcaption><\/figure>\n\n\n\n<figure class=\"wp-block-image is-resized\"><a href=\"https:\/\/eutectic.fr\/?page_id=1571\"><img decoding=\"async\" loading=\"lazy\" src=\"https:\/\/eutectic.fr\/wp-content\/uploads\/2024\/02\/Caroline-Chaudre-carre.jpg\" alt=\"\" class=\"wp-image-1579\" width=\"104\" height=\"104\" srcset=\"https:\/\/eutectic.fr\/wp-content\/uploads\/2024\/02\/Caroline-Chaudre-carre.jpg 283w, https:\/\/eutectic.fr\/wp-content\/uploads\/2024\/02\/Caroline-Chaudre-carre-150x150.jpg 150w, https:\/\/eutectic.fr\/wp-content\/uploads\/2024\/02\/Caroline-Chaudre-carre-100x100.jpg 100w\" sizes=\"(max-width: 104px) 100vw, 104px\" \/><\/a><figcaption class=\"wp-element-caption\">Caroline Chaudr\u00e9 <br>(artiste associ\u00e9e)<\/figcaption><\/figure>\n<\/div>\n\n\n<p><img decoding=\"async\" loading=\"lazy\" class=\"size-medium wp-image-253 alignleft\" src=\"http:\/\/eutectic.fr\/wp-content\/uploads\/2018\/02\/Hen-B-dessin-photo2-e1519464348281-210x300.jpg\" alt=\"\" width=\"210\" height=\"300\" \/><\/p>\n<p>Le Collectif Artistique Eutectic est n\u00e9 en 1993. Il r\u00e9unit des com\u00e9diens, des conteurs, une plasticienne, une administratrice. Il m\u00e8ne des actions dans les domaines du conte, du th\u00e9\u00e2tre, de la lecture, de la po\u00e9sie et des arts plastiques. Le collectif depuis ses d\u00e9buts nourrit son action et sa\u00a0 r\u00e9flexion sur une exigence artistique et une volont\u00e9 de s&rsquo;adresser au plus grand nombre. Son travail se caract\u00e9rise par l&rsquo;association de l&rsquo;image et de l&rsquo;oralit\u00e9. Passeur du patrimoine oral ou litt\u00e9raire, Eutectic invente des formules insolites : Une terrasse en plein air avec caravane pour dire des po\u00e8mes, un labyrinthe o\u00f9 les spectateurs entendent des r\u00e9cits mythologiques, un com\u00e9dien en costume rose d\u00e9ambulant sur un scooter \u00e9lectrique, chantant, offrant des po\u00e8mes.<\/p>\n<p class=\"Textbody\">Ces derni\u00e8res ann\u00e9es Eutectic a d\u00e9ploy\u00e9\u00a0 son \u00e9nergie dans des projets de \u00ab\u00a0po\u00e9sie au quotidien\u00a0\u00bb, dans les rues, les immeubles, sur les seuils d&rsquo;appartements ou les pas de portes de maisons individuelles. Il m\u00e8ne \u00e9galement des actions conte, lecture, arts plastiques, dans des biblioth\u00e8ques, h\u00f4pitaux, \u00e9tablissements scolaires et mus\u00e9es. Il est toujours anim\u00e9 par l&rsquo;id\u00e9e qu&rsquo;un moment de \u00ab\u00a0sensation artistique\u00a0\u00bb qu&rsquo;il soit court ou qu&rsquo;il soit long, apporte \u00e0 ceux qui le vive des raisons d&rsquo;avancer, d&rsquo;esp\u00e9rer, de construire&#8230;<\/p>","protected":false},"excerpt":{"rendered":"<p>Le Collectif Artistique Eutectic est n\u00e9 en 1993. Il r\u00e9unit des com\u00e9diens, des conteurs, une plasticienne, une administratrice. Il m\u00e8ne des actions dans les domaines du conte, du th\u00e9\u00e2tre, de la lecture, de la po\u00e9sie et des arts plastiques. Le collectif depuis ses d\u00e9buts nourrit son action et sa\u00a0 r\u00e9flexion sur une exigence artistique et &hellip; <\/p>\n<p class=\"link-more\"><a href=\"https:\/\/eutectic.fr\/\" class=\"more-link\">Continuer la lecture<span class=\"screen-reader-text\"> de &laquo;&nbsp;Pr\u00e9sentation&nbsp;&raquo;<\/span><\/a><\/p>\n","protected":false},"author":1,"featured_media":0,"parent":0,"menu_order":0,"comment_status":"closed","ping_status":"closed","template":"","meta":[],"_links":{"self":[{"href":"https:\/\/eutectic.fr\/index.php?rest_route=\/wp\/v2\/pages\/11"}],"collection":[{"href":"https:\/\/eutectic.fr\/index.php?rest_route=\/wp\/v2\/pages"}],"about":[{"href":"https:\/\/eutectic.fr\/index.php?rest_route=\/wp\/v2\/types\/page"}],"author":[{"embeddable":true,"href":"https:\/\/eutectic.fr\/index.php?rest_route=\/wp\/v2\/users\/1"}],"replies":[{"embeddable":true,"href":"https:\/\/eutectic.fr\/index.php?rest_route=%2Fwp%2Fv2%2Fcomments&post=11"}],"version-history":[{"count":14,"href":"https:\/\/eutectic.fr\/index.php?rest_route=\/wp\/v2\/pages\/11\/revisions"}],"predecessor-version":[{"id":1586,"href":"https:\/\/eutectic.fr\/index.php?rest_route=\/wp\/v2\/pages\/11\/revisions\/1586"}],"wp:attachment":[{"href":"https:\/\/eutectic.fr\/index.php?rest_route=%2Fwp%2Fv2%2Fmedia&parent=11"}],"curies":[{"name":"wp","href":"https:\/\/api.w.org\/{rel}","templated":true}]}}